{"id":246163,"date":"2024-10-24T10:34:09","date_gmt":"2024-10-24T08:34:09","guid":{"rendered":"https:\/\/lazarus.se\/?page_id=246163"},"modified":"2024-12-05T15:08:13","modified_gmt":"2024-12-05T14:08:13","slug":"santa-fe","status":"publish","type":"page","link":"https:\/\/lazarus.se\/en\/previous-companies\/santa-fe\/","title":{"rendered":"Santa Fe"},"content":{"rendered":"<p>[et_pb_section fb_built=&#8221;1&#8243; module_class=&#8221;header_image&#8221; _builder_version=&#8221;4.27.3&#8243; _module_preset=&#8221;default&#8221; background_color=&#8221;RGBA(255,255,255,0)&#8221; use_background_color_gradient=&#8221;on&#8221; background_color_gradient_stops=&#8221;rgba(0,0,0,0.4) 0%|rgba(0,0,0,0.4) 99%&#8221; background_color_gradient_overlays_image=&#8221;on&#8221; background_image=&#8221;https:\/\/lazarus.se\/wp-content\/uploads\/2024\/10\/santafe-02.jpg&#8221; global_colors_info=&#8221;{}&#8221;][et_pb_row _builder_version=&#8221;4.27.2&#8243; _module_preset=&#8221;default&#8221; positioning=&#8221;absolute&#8221; position_origin_a=&#8221;bottom_center&#8221; vertical_offset=&#8221;100px&#8221; z_index=&#8221;72&#8243; global_colors_info=&#8221;{}&#8221;][et_pb_column type=&#8221;4_4&#8243; _builder_version=&#8221;4.27.0&#8243; _module_preset=&#8221;default&#8221; global_colors_info=&#8221;{}&#8221;][et_pb_text _builder_version=&#8221;4.27.2&#8243; _module_preset=&#8221;default&#8221; position_origin_a=&#8221;bottom_center&#8221; width=&#8221;100%&#8221; global_colors_info=&#8221;{}&#8221;]<\/p>\n<h1><span class=\"header_bold\">Santa Fe<\/span><\/h1>\n<p>[\/et_pb_text][\/et_pb_column][\/et_pb_row][et_pb_row _builder_version=&#8221;4.27.0&#8243; _module_preset=&#8221;default&#8221; use_background_color_gradient=&#8221;on&#8221; background_color_gradient_direction=&#8221;360deg&#8221; background_color_gradient_stops=&#8221;#005675 0%|rgba(0,86,117,0) 100%&#8221; positioning=&#8221;absolute&#8221; position_origin_a=&#8221;bottom_center&#8221; width=&#8221;100%&#8221; max_width=&#8221;100%&#8221; min_height=&#8221;30%&#8221; custom_margin=&#8221;0px||-2px||false|false&#8221; custom_padding=&#8221;0px||0px||true|false&#8221; border_color_bottom=&#8221;#005675&#8243; global_colors_info=&#8221;{}&#8221;][et_pb_column type=&#8221;4_4&#8243; _builder_version=&#8221;4.27.0&#8243; _module_preset=&#8221;default&#8221; global_colors_info=&#8221;{}&#8221;][\/et_pb_column][\/et_pb_row][\/et_pb_section][et_pb_section fb_built=&#8221;1&#8243; disabled_on=&#8221;on|on|on&#8221; _builder_version=&#8221;4.27.2&#8243; _module_preset=&#8221;default&#8221; background_color=&#8221;#005675&#8243; custom_margin=&#8221;0em||||false|false&#8221; custom_padding=&#8221;0px||0px||true|false&#8221; disabled=&#8221;on&#8221; saved_tabs=&#8221;all&#8221; global_colors_info=&#8221;{}&#8221;][et_pb_row column_structure=&#8221;1_3,1_3,1_3&#8243; _builder_version=&#8221;4.27.2&#8243; _module_preset=&#8221;default&#8221; global_colors_info=&#8221;{}&#8221;][et_pb_column type=&#8221;1_3&#8243; _builder_version=&#8221;4.27.2&#8243; _module_preset=&#8221;default&#8221; custom_padding=&#8221;|20px|||false|false&#8221; custom_padding_tablet=&#8221;|0px|||false|false&#8221; custom_padding_phone=&#8221;&#8221; custom_padding_last_edited=&#8221;on|tablet&#8221; border_width_right=&#8221;2px&#8221; border_color_right=&#8221;#FFFFFF&#8221; border_radii_tablet=&#8221;&#8221; border_radii_phone=&#8221;&#8221; border_radii_last_edited=&#8221;on|tablet&#8221; border_width_right_tablet=&#8221;0px&#8221; border_width_right_phone=&#8221;&#8221; border_width_right_last_edited=&#8221;on|phone&#8221; global_colors_info=&#8221;{}&#8221;][et_pb_text module_class=&#8221;blue_banner&#8221; _builder_version=&#8221;4.27.2&#8243; _module_preset=&#8221;default&#8221; text_orientation=&#8221;center&#8221; global_colors_info=&#8221;{}&#8221;]<\/p>\n<p style=\"text-align: center;\"><a href=\"https:\/\/lazarus.se\/wp-content\/uploads\/2024\/10\/lazarus-icon-white.svg\"><img loading=\"lazy\" decoding=\"async\" src=\"https:\/\/lazarus.se\/wp-content\/uploads\/2024\/10\/lazarus-icon-white.svg\" width=\"30\" height=\"30\" alt=\"\" class=\"wp-image-244487 alignnone size-medium\" style=\"padding-right: 10px;\" \/><\/a>7 F\u00f6retag<\/p>\n<p>[\/et_pb_text][\/et_pb_column][et_pb_column type=&#8221;1_3&#8243; _builder_version=&#8221;4.27.0&#8243; _module_preset=&#8221;default&#8221; custom_padding=&#8221;|20px||20px|false|true&#8221; global_colors_info=&#8221;{}&#8221;][et_pb_text module_class=&#8221;blue_banner&#8221; _builder_version=&#8221;4.27.2&#8243; _module_preset=&#8221;default&#8221; text_orientation=&#8221;center&#8221; global_colors_info=&#8221;{}&#8221;]<\/p>\n<p style=\"text-align: center;\"><a href=\"https:\/\/lazarus.se\/wp-content\/uploads\/2024\/10\/lazarus-icon-white.svg\"><img loading=\"lazy\" decoding=\"async\" src=\"https:\/\/lazarus.se\/wp-content\/uploads\/2024\/10\/lazarus-icon-white.svg\" width=\"30\" height=\"30\" alt=\"\" class=\"wp-image-244487 alignnone size-medium\" style=\"padding-right: 10px;\" \/><\/a>1590 anst\u00e4llda<\/p>\n<p>[\/et_pb_text][\/et_pb_column][et_pb_column type=&#8221;1_3&#8243; _builder_version=&#8221;4.27.2&#8243; _module_preset=&#8221;default&#8221; custom_padding=&#8221;|||20px|false|false&#8221; custom_padding_tablet=&#8221;|||0px|false|false&#8221; custom_padding_phone=&#8221;|||0px|false|false&#8221; custom_padding_last_edited=&#8221;on|desktop&#8221; border_width_left=&#8221;2px&#8221; border_color_left=&#8221;#FFFFFF&#8221; border_width_all_tablet=&#8221;&#8221; border_width_all_phone=&#8221;&#8221; border_width_all_last_edited=&#8221;on|desktop&#8221; border_width_left_tablet=&#8221;0px&#8221; border_width_left_phone=&#8221;&#8221; border_width_left_last_edited=&#8221;on|desktop&#8221; global_colors_info=&#8221;{}&#8221;][et_pb_text module_class=&#8221;blue_banner&#8221; _builder_version=&#8221;4.27.2&#8243; _module_preset=&#8221;default&#8221; text_orientation=&#8221;center&#8221; global_colors_info=&#8221;{}&#8221;]<\/p>\n<p style=\"text-align: center;\"><a href=\"https:\/\/lazarus.se\/wp-content\/uploads\/2024\/10\/lazarus-icon-white.svg\"><img loading=\"lazy\" decoding=\"async\" src=\"https:\/\/lazarus.se\/wp-content\/uploads\/2024\/10\/lazarus-icon-white.svg\" width=\"30\" height=\"30\" alt=\"\" class=\"wp-image-244487 alignnone size-medium\" style=\"padding-right: 10px;\" \/><\/a>4 l\u00e4nder<\/p>\n<p>[\/et_pb_text][\/et_pb_column][\/et_pb_row][\/et_pb_section][et_pb_section fb_built=&#8221;1&#8243; admin_label=&#8221;Call to Action&#8221; _builder_version=&#8221;4.27.0&#8243; _module_preset=&#8221;default&#8221; custom_margin=&#8221;2em||2em||true|false&#8221; custom_padding=&#8221;0px||0px||true|false&#8221; collapsed=&#8221;off&#8221; global_colors_info=&#8221;{}&#8221;][et_pb_row column_structure=&#8221;2_3,1_3&#8243; _builder_version=&#8221;4.27.0&#8243; _module_preset=&#8221;default&#8221; global_colors_info=&#8221;{}&#8221;][et_pb_column type=&#8221;2_3&#8243; _builder_version=&#8221;4.27.0&#8243; _module_preset=&#8221;default&#8221; global_colors_info=&#8221;{}&#8221;][et_pb_text _builder_version=&#8221;4.27.3&#8243; _module_preset=&#8221;default&#8221; global_colors_info=&#8221;{}&#8221;]<\/p>\n<p>A global provider of B2B and B2C relocation services with operations in 38 countries.<\/p>\n<p>[\/et_pb_text][\/et_pb_column][et_pb_column type=&#8221;1_3&#8243; _builder_version=&#8221;4.27.0&#8243; _module_preset=&#8221;default&#8221; global_colors_info=&#8221;{}&#8221;][et_pb_text module_class=&#8221;text_puff&#8221; _builder_version=&#8221;4.27.3&#8243; _module_preset=&#8221;default&#8221; global_colors_info=&#8221;{}&#8221;]<\/p>\n<h4><strong>SANTA FE<\/strong><\/h4>\n<p><strong>Acquired: <\/strong>2019<\/p>\n<p><strong>Exit: <\/strong>2024<\/p>\n<p>[\/et_pb_text][et_pb_image src=&#8221;https:\/\/lazarus.se\/wp-content\/uploads\/2024\/10\/santa-fe-transp.png&#8221; title_text=&#8221;santa-fe-transp&#8221; _builder_version=&#8221;4.27.2&#8243; _module_preset=&#8221;default&#8221; width=&#8221;75%&#8221; max_width=&#8221;75%&#8221; custom_padding=&#8221;15px||||false|false&#8221; global_colors_info=&#8221;{}&#8221;][\/et_pb_image][\/et_pb_column][\/et_pb_row][\/et_pb_section]<\/p>\n","protected":false},"excerpt":{"rendered":"<p>Santa Fe7 F\u00f6retag1590 anst\u00e4llda4 l\u00e4nderA global provider of B2B and B2C relocation services with operations in 38 countries.SANTA FE Acquired: 2019 Exit: 2024<\/p>\n","protected":false},"author":4,"featured_media":0,"parent":246142,"menu_order":0,"comment_status":"closed","ping_status":"closed","template":"","meta":{"_et_pb_use_builder":"on","_et_pb_old_content":"[et_pb_section fb_built=\"1\" module_class=\"header_image\" _builder_version=\"4.27.3\" _module_preset=\"default\" background_color=\"RGBA(255,255,255,0)\" use_background_color_gradient=\"on\" background_color_gradient_stops=\"rgba(0,0,0,0.4) 0%|rgba(0,0,0,0.4) 99%\" background_color_gradient_overlays_image=\"on\" background_image=\"https:\/\/lazarus.se\/wp-content\/uploads\/2024\/10\/santafe-02.jpg\" global_colors_info=\"{}\"][et_pb_row _builder_version=\"4.27.2\" _module_preset=\"default\" positioning=\"absolute\" position_origin_a=\"bottom_center\" vertical_offset=\"100px\" z_index=\"72\" global_colors_info=\"{}\"][et_pb_column type=\"4_4\" _builder_version=\"4.27.0\" _module_preset=\"default\" global_colors_info=\"{}\"][et_pb_text _builder_version=\"4.27.2\" _module_preset=\"default\" position_origin_a=\"bottom_center\" width=\"100%\" global_colors_info=\"{}\"]<h1><span class=\"header_bold\">Santa Fe<\/span><\/h1>[\/et_pb_text][\/et_pb_column][\/et_pb_row][et_pb_row _builder_version=\"4.27.0\" _module_preset=\"default\" use_background_color_gradient=\"on\" background_color_gradient_direction=\"360deg\" background_color_gradient_stops=\"#005675 0%|rgba(0,86,117,0) 100%\" positioning=\"absolute\" position_origin_a=\"bottom_center\" width=\"100%\" max_width=\"100%\" min_height=\"30%\" custom_margin=\"0px||-2px||false|false\" custom_padding=\"0px||0px||true|false\" border_color_bottom=\"#005675\" global_colors_info=\"{}\"][et_pb_column type=\"4_4\" _builder_version=\"4.27.0\" _module_preset=\"default\" global_colors_info=\"{}\"][\/et_pb_column][\/et_pb_row][\/et_pb_section][et_pb_section fb_built=\"1\" disabled_on=\"on|on|on\" _builder_version=\"4.27.2\" _module_preset=\"default\" background_color=\"#005675\" custom_margin=\"0em||||false|false\" custom_padding=\"0px||0px||true|false\" disabled=\"on\" saved_tabs=\"all\" global_colors_info=\"{}\"][et_pb_row column_structure=\"1_3,1_3,1_3\" _builder_version=\"4.27.2\" _module_preset=\"default\" global_colors_info=\"{}\"][et_pb_column type=\"1_3\" _builder_version=\"4.27.2\" _module_preset=\"default\" custom_padding=\"|20px|||false|false\" custom_padding_tablet=\"|0px|||false|false\" custom_padding_phone=\"\" custom_padding_last_edited=\"on|tablet\" border_width_right=\"2px\" border_color_right=\"#FFFFFF\" border_radii_tablet=\"\" border_radii_phone=\"\" border_radii_last_edited=\"on|tablet\" border_width_right_tablet=\"0px\" border_width_right_phone=\"\" border_width_right_last_edited=\"on|phone\" global_colors_info=\"{}\"][et_pb_text module_class=\"blue_banner\" _builder_version=\"4.27.2\" _module_preset=\"default\" text_orientation=\"center\" global_colors_info=\"{}\"]<p style=\"text-align: center;\"><a href=\"https:\/\/lazarus.se\/wp-content\/uploads\/2024\/10\/lazarus-icon-white.svg\"><img src=\"https:\/\/lazarus.se\/wp-content\/uploads\/2024\/10\/lazarus-icon-white.svg\" width=\"30\" height=\"30\" alt=\"\" class=\"wp-image-244487 alignnone size-medium\" style=\"padding-right: 10px;\" \/><\/a>7 F\u00f6retag<\/p>[\/et_pb_text][\/et_pb_column][et_pb_column type=\"1_3\" _builder_version=\"4.27.0\" _module_preset=\"default\" custom_padding=\"|20px||20px|false|true\" global_colors_info=\"{}\"][et_pb_text module_class=\"blue_banner\" _builder_version=\"4.27.2\" _module_preset=\"default\" text_orientation=\"center\" global_colors_info=\"{}\"]<p style=\"text-align: center;\"><a href=\"https:\/\/lazarus.se\/wp-content\/uploads\/2024\/10\/lazarus-icon-white.svg\"><img src=\"https:\/\/lazarus.se\/wp-content\/uploads\/2024\/10\/lazarus-icon-white.svg\" width=\"30\" height=\"30\" alt=\"\" class=\"wp-image-244487 alignnone size-medium\" style=\"padding-right: 10px;\" \/><\/a>1590 anst\u00e4llda<\/p>[\/et_pb_text][\/et_pb_column][et_pb_column type=\"1_3\" _builder_version=\"4.27.2\" _module_preset=\"default\" custom_padding=\"|||20px|false|false\" custom_padding_tablet=\"|||0px|false|false\" custom_padding_phone=\"|||0px|false|false\" custom_padding_last_edited=\"on|desktop\" border_width_left=\"2px\" border_color_left=\"#FFFFFF\" border_width_all_tablet=\"\" border_width_all_phone=\"\" border_width_all_last_edited=\"on|desktop\" border_width_left_tablet=\"0px\" border_width_left_phone=\"\" border_width_left_last_edited=\"on|desktop\" global_colors_info=\"{}\"][et_pb_text module_class=\"blue_banner\" _builder_version=\"4.27.2\" _module_preset=\"default\" text_orientation=\"center\" global_colors_info=\"{}\"]<p style=\"text-align: center;\"><a href=\"https:\/\/lazarus.se\/wp-content\/uploads\/2024\/10\/lazarus-icon-white.svg\"><img src=\"https:\/\/lazarus.se\/wp-content\/uploads\/2024\/10\/lazarus-icon-white.svg\" width=\"30\" height=\"30\" alt=\"\" class=\"wp-image-244487 alignnone size-medium\" style=\"padding-right: 10px;\" \/><\/a>4 l\u00e4nder<\/p>[\/et_pb_text][\/et_pb_column][\/et_pb_row][\/et_pb_section][et_pb_section fb_built=\"1\" admin_label=\"Call to Action\" _builder_version=\"4.27.0\" _module_preset=\"default\" custom_margin=\"2em||2em||true|false\" custom_padding=\"0px||0px||true|false\" collapsed=\"off\" global_colors_info=\"{}\"][et_pb_row column_structure=\"2_3,1_3\" _builder_version=\"4.27.0\" _module_preset=\"default\" global_colors_info=\"{}\"][et_pb_column type=\"2_3\" _builder_version=\"4.27.0\" _module_preset=\"default\" global_colors_info=\"{}\"][et_pb_text _builder_version=\"4.27.2\" _module_preset=\"default\" global_colors_info=\"{}\"]<p><span>En global leverant\u00f6r av B2B och B2C omlokaliseringstj\u00e4nster med verksamhet i 38 l\u00e4nder.<\/span><\/p>[\/et_pb_text][\/et_pb_column][et_pb_column type=\"1_3\" _builder_version=\"4.27.0\" _module_preset=\"default\" global_colors_info=\"{}\"][et_pb_text module_class=\"text_puff\" _builder_version=\"4.27.2\" _module_preset=\"default\" global_colors_info=\"{}\"]<h4><strong>SANTA FE<\/strong><\/h4>\r\n<p><strong>F\u00f6rv\u00e4rv: <\/strong>2019<\/p>\r\n<p><strong>Exit: <\/strong>2024<\/p>[\/et_pb_text][et_pb_image src=\"https:\/\/lazarus.se\/wp-content\/uploads\/2024\/10\/santa-fe-transp.png\" title_text=\"santa-fe-transp\" _builder_version=\"4.27.2\" _module_preset=\"default\" width=\"75%\" max_width=\"75%\" custom_padding=\"15px||||false|false\" global_colors_info=\"{}\"][\/et_pb_image][\/et_pb_column][\/et_pb_row][\/et_pb_section]","_et_gb_content_width":"","inline_featured_image":false,"footnotes":""},"class_list":["post-246163","page","type-page","status-publish","hentry"],"yoast_head":"<!-- This site is optimized with the Yoast SEO plugin v27.4 - https:\/\/yoast.com\/product\/yoast-seo-wordpress\/ -->\n<title>Santa Fe - Lazarus<\/title>\n<meta name=\"robots\" content=\"index, follow, max-snippet:-1, max-image-preview:large, max-video-preview:-1\" \/>\n<link rel=\"canonical\" href=\"https:\/\/lazarus.se\/en\/previous-companies\/santa-fe\/\" \/>\n<meta property=\"og:locale\" content=\"en_US\" \/>\n<meta property=\"og:type\" content=\"article\" \/>\n<meta property=\"og:title\" content=\"Santa Fe - Lazarus\" \/>\n<meta property=\"og:description\" content=\"Santa Fe7 F\u00f6retag1590 anst\u00e4llda4 l\u00e4nderA global provider of B2B and B2C relocation services with operations in 38 countries.SANTA FE Acquired: 2019 Exit: 2024\" \/>\n<meta property=\"og:url\" content=\"https:\/\/lazarus.se\/en\/previous-companies\/santa-fe\/\" \/>\n<meta property=\"og:site_name\" content=\"Lazarus\" \/>\n<meta property=\"article:modified_time\" content=\"2024-12-05T14:08:13+00:00\" \/>\n<meta property=\"og:image\" content=\"https:\/\/lazarus.se\/wp-content\/uploads\/2024\/10\/lazarus-icon-white.svg\" \/>\n<meta name=\"twitter:card\" content=\"summary_large_image\" \/>\n<meta name=\"twitter:label1\" content=\"Est. reading time\" \/>\n\t<meta name=\"twitter:data1\" content=\"1 minute\" \/>\n<script type=\"application\/ld+json\" class=\"yoast-schema-graph\">{\"@context\":\"https:\\\/\\\/schema.org\",\"@graph\":[{\"@type\":\"WebPage\",\"@id\":\"https:\\\/\\\/lazarus.se\\\/en\\\/previous-companies\\\/santa-fe\\\/\",\"url\":\"https:\\\/\\\/lazarus.se\\\/en\\\/previous-companies\\\/santa-fe\\\/\",\"name\":\"Santa Fe - Lazarus\",\"isPartOf\":{\"@id\":\"https:\\\/\\\/lazarus.se\\\/en\\\/#website\"},\"primaryImageOfPage\":{\"@id\":\"https:\\\/\\\/lazarus.se\\\/en\\\/previous-companies\\\/santa-fe\\\/#primaryimage\"},\"image\":{\"@id\":\"https:\\\/\\\/lazarus.se\\\/en\\\/previous-companies\\\/santa-fe\\\/#primaryimage\"},\"thumbnailUrl\":\"https:\\\/\\\/lazarus.se\\\/wp-content\\\/uploads\\\/2024\\\/10\\\/lazarus-icon-white.svg\",\"datePublished\":\"2024-10-24T08:34:09+00:00\",\"dateModified\":\"2024-12-05T14:08:13+00:00\",\"breadcrumb\":{\"@id\":\"https:\\\/\\\/lazarus.se\\\/en\\\/previous-companies\\\/santa-fe\\\/#breadcrumb\"},\"inLanguage\":\"en-US\",\"potentialAction\":[{\"@type\":\"ReadAction\",\"target\":[\"https:\\\/\\\/lazarus.se\\\/en\\\/previous-companies\\\/santa-fe\\\/\"]}]},{\"@type\":\"ImageObject\",\"inLanguage\":\"en-US\",\"@id\":\"https:\\\/\\\/lazarus.se\\\/en\\\/previous-companies\\\/santa-fe\\\/#primaryimage\",\"url\":\"https:\\\/\\\/lazarus.se\\\/wp-content\\\/uploads\\\/2024\\\/10\\\/lazarus-icon-white.svg\",\"contentUrl\":\"https:\\\/\\\/lazarus.se\\\/wp-content\\\/uploads\\\/2024\\\/10\\\/lazarus-icon-white.svg\"},{\"@type\":\"BreadcrumbList\",\"@id\":\"https:\\\/\\\/lazarus.se\\\/en\\\/previous-companies\\\/santa-fe\\\/#breadcrumb\",\"itemListElement\":[{\"@type\":\"ListItem\",\"position\":1,\"name\":\"Hem\",\"item\":\"https:\\\/\\\/lazarus.se\\\/en\\\/\"},{\"@type\":\"ListItem\",\"position\":2,\"name\":\"Previous companies\",\"item\":\"https:\\\/\\\/lazarus.se\\\/en\\\/previous-companies\\\/\"},{\"@type\":\"ListItem\",\"position\":3,\"name\":\"Santa Fe\"}]},{\"@type\":\"WebSite\",\"@id\":\"https:\\\/\\\/lazarus.se\\\/en\\\/#website\",\"url\":\"https:\\\/\\\/lazarus.se\\\/en\\\/\",\"name\":\"Lazarus\",\"description\":\"\",\"potentialAction\":[{\"@type\":\"SearchAction\",\"target\":{\"@type\":\"EntryPoint\",\"urlTemplate\":\"https:\\\/\\\/lazarus.se\\\/en\\\/?s={search_term_string}\"},\"query-input\":{\"@type\":\"PropertyValueSpecification\",\"valueRequired\":true,\"valueName\":\"search_term_string\"}}],\"inLanguage\":\"en-US\"}]}<\/script>\n<!-- \/ Yoast SEO plugin. -->","yoast_head_json":{"title":"Santa Fe - Lazarus","robots":{"index":"index","follow":"follow","max-snippet":"max-snippet:-1","max-image-preview":"max-image-preview:large","max-video-preview":"max-video-preview:-1"},"canonical":"https:\/\/lazarus.se\/en\/previous-companies\/santa-fe\/","og_locale":"en_US","og_type":"article","og_title":"Santa Fe - Lazarus","og_description":"Santa Fe7 F\u00f6retag1590 anst\u00e4llda4 l\u00e4nderA global provider of B2B and B2C relocation services with operations in 38 countries.SANTA FE Acquired: 2019 Exit: 2024","og_url":"https:\/\/lazarus.se\/en\/previous-companies\/santa-fe\/","og_site_name":"Lazarus","article_modified_time":"2024-12-05T14:08:13+00:00","og_image":[{"url":"https:\/\/lazarus.se\/wp-content\/uploads\/2024\/10\/lazarus-icon-white.svg","type":"","width":"","height":""}],"twitter_card":"summary_large_image","twitter_misc":{"Est. reading time":"1 minute"},"schema":{"@context":"https:\/\/schema.org","@graph":[{"@type":"WebPage","@id":"https:\/\/lazarus.se\/en\/previous-companies\/santa-fe\/","url":"https:\/\/lazarus.se\/en\/previous-companies\/santa-fe\/","name":"Santa Fe - Lazarus","isPartOf":{"@id":"https:\/\/lazarus.se\/en\/#website"},"primaryImageOfPage":{"@id":"https:\/\/lazarus.se\/en\/previous-companies\/santa-fe\/#primaryimage"},"image":{"@id":"https:\/\/lazarus.se\/en\/previous-companies\/santa-fe\/#primaryimage"},"thumbnailUrl":"https:\/\/lazarus.se\/wp-content\/uploads\/2024\/10\/lazarus-icon-white.svg","datePublished":"2024-10-24T08:34:09+00:00","dateModified":"2024-12-05T14:08:13+00:00","breadcrumb":{"@id":"https:\/\/lazarus.se\/en\/previous-companies\/santa-fe\/#breadcrumb"},"inLanguage":"en-US","potentialAction":[{"@type":"ReadAction","target":["https:\/\/lazarus.se\/en\/previous-companies\/santa-fe\/"]}]},{"@type":"ImageObject","inLanguage":"en-US","@id":"https:\/\/lazarus.se\/en\/previous-companies\/santa-fe\/#primaryimage","url":"https:\/\/lazarus.se\/wp-content\/uploads\/2024\/10\/lazarus-icon-white.svg","contentUrl":"https:\/\/lazarus.se\/wp-content\/uploads\/2024\/10\/lazarus-icon-white.svg"},{"@type":"BreadcrumbList","@id":"https:\/\/lazarus.se\/en\/previous-companies\/santa-fe\/#breadcrumb","itemListElement":[{"@type":"ListItem","position":1,"name":"Hem","item":"https:\/\/lazarus.se\/en\/"},{"@type":"ListItem","position":2,"name":"Previous companies","item":"https:\/\/lazarus.se\/en\/previous-companies\/"},{"@type":"ListItem","position":3,"name":"Santa Fe"}]},{"@type":"WebSite","@id":"https:\/\/lazarus.se\/en\/#website","url":"https:\/\/lazarus.se\/en\/","name":"Lazarus","description":"","potentialAction":[{"@type":"SearchAction","target":{"@type":"EntryPoint","urlTemplate":"https:\/\/lazarus.se\/en\/?s={search_term_string}"},"query-input":{"@type":"PropertyValueSpecification","valueRequired":true,"valueName":"search_term_string"}}],"inLanguage":"en-US"}]}},"_links":{"self":[{"href":"https:\/\/lazarus.se\/en\/wp-json\/wp\/v2\/pages\/246163","targetHints":{"allow":["GET"]}}],"collection":[{"href":"https:\/\/lazarus.se\/en\/wp-json\/wp\/v2\/pages"}],"about":[{"href":"https:\/\/lazarus.se\/en\/wp-json\/wp\/v2\/types\/page"}],"author":[{"embeddable":true,"href":"https:\/\/lazarus.se\/en\/wp-json\/wp\/v2\/users\/4"}],"replies":[{"embeddable":true,"href":"https:\/\/lazarus.se\/en\/wp-json\/wp\/v2\/comments?post=246163"}],"version-history":[{"count":3,"href":"https:\/\/lazarus.se\/en\/wp-json\/wp\/v2\/pages\/246163\/revisions"}],"predecessor-version":[{"id":246167,"href":"https:\/\/lazarus.se\/en\/wp-json\/wp\/v2\/pages\/246163\/revisions\/246167"}],"up":[{"embeddable":true,"href":"https:\/\/lazarus.se\/en\/wp-json\/wp\/v2\/pages\/246142"}],"wp:attachment":[{"href":"https:\/\/lazarus.se\/en\/wp-json\/wp\/v2\/media?parent=246163"}],"curies":[{"name":"wp","href":"https:\/\/api.w.org\/{rel}","templated":true}]}}