{"id":246134,"date":"2024-10-24T13:17:46","date_gmt":"2024-10-24T11:17:46","guid":{"rendered":"https:\/\/lazarus.se\/?page_id=246134"},"modified":"2026-03-15T14:29:02","modified_gmt":"2026-03-15T13:29:02","slug":"team","status":"publish","type":"page","link":"https:\/\/lazarus.se\/en\/team\/","title":{"rendered":"Team"},"content":{"rendered":"<p>[et_pb_section fb_built=&#8221;1&#8243; module_class=&#8221;header_image&#8221; _builder_version=&#8221;4.27.3&#8243; _module_preset=&#8221;default&#8221; use_background_color_gradient=&#8221;on&#8221; background_color_gradient_stops=&#8221;rgba(0,0,0,0.4) 0%|rgba(0,0,0,0.4) 100%&#8221; background_color_gradient_overlays_image=&#8221;on&#8221; background_image=&#8221;https:\/\/lazarus.se\/wp-content\/uploads\/2024\/10\/team-header.jpg&#8221; global_colors_info=&#8221;{}&#8221;][et_pb_row _builder_version=&#8221;4.27.2&#8243; _module_preset=&#8221;default&#8221; positioning=&#8221;absolute&#8221; position_origin_a=&#8221;bottom_center&#8221; vertical_offset=&#8221;100px&#8221; z_index=&#8221;72&#8243; global_colors_info=&#8221;{}&#8221;][et_pb_column type=&#8221;4_4&#8243; _builder_version=&#8221;4.27.0&#8243; _module_preset=&#8221;default&#8221; global_colors_info=&#8221;{}&#8221;][et_pb_text _builder_version=&#8221;4.27.2&#8243; _module_preset=&#8221;default&#8221; position_origin_a=&#8221;bottom_center&#8221; width=&#8221;100%&#8221; global_colors_info=&#8221;{}&#8221;]<\/p>\n<h1><span class=\"header_bold\">Team<\/span><\/h1>\n<p>[\/et_pb_text][\/et_pb_column][\/et_pb_row][et_pb_row _builder_version=&#8221;4.27.0&#8243; _module_preset=&#8221;default&#8221; use_background_color_gradient=&#8221;on&#8221; background_color_gradient_direction=&#8221;360deg&#8221; background_color_gradient_stops=&#8221;#005675 0%|rgba(0,86,117,0) 100%&#8221; positioning=&#8221;absolute&#8221; position_origin_a=&#8221;bottom_center&#8221; width=&#8221;100%&#8221; max_width=&#8221;100%&#8221; min_height=&#8221;30%&#8221; custom_margin=&#8221;0px||-2px||false|false&#8221; custom_padding=&#8221;0px||0px||true|false&#8221; border_color_bottom=&#8221;#005675&#8243; global_colors_info=&#8221;{}&#8221;][et_pb_column type=&#8221;4_4&#8243; _builder_version=&#8221;4.27.0&#8243; _module_preset=&#8221;default&#8221; global_colors_info=&#8221;{}&#8221;][\/et_pb_column][\/et_pb_row][\/et_pb_section][et_pb_section fb_built=&#8221;1&#8243; disabled_on=&#8221;on|on|on&#8221; _builder_version=&#8221;4.27.2&#8243; _module_preset=&#8221;default&#8221; background_color=&#8221;#005675&#8243; custom_margin=&#8221;0em||||false|false&#8221; custom_padding=&#8221;0px||0px||true|false&#8221; disabled=&#8221;on&#8221; saved_tabs=&#8221;all&#8221; global_colors_info=&#8221;{}&#8221;][et_pb_row column_structure=&#8221;1_3,1_3,1_3&#8243; _builder_version=&#8221;4.27.2&#8243; _module_preset=&#8221;default&#8221; global_colors_info=&#8221;{}&#8221;][et_pb_column type=&#8221;1_3&#8243; _builder_version=&#8221;4.27.2&#8243; _module_preset=&#8221;default&#8221; custom_padding=&#8221;|20px|||false|false&#8221; custom_padding_tablet=&#8221;|0px|||false|false&#8221; custom_padding_phone=&#8221;&#8221; custom_padding_last_edited=&#8221;on|tablet&#8221; border_width_right=&#8221;2px&#8221; border_color_right=&#8221;#FFFFFF&#8221; border_radii_tablet=&#8221;&#8221; border_radii_phone=&#8221;&#8221; border_radii_last_edited=&#8221;on|tablet&#8221; border_width_right_tablet=&#8221;0px&#8221; border_width_right_phone=&#8221;&#8221; border_width_right_last_edited=&#8221;on|phone&#8221; global_colors_info=&#8221;{}&#8221;][et_pb_text module_class=&#8221;blue_banner&#8221; _builder_version=&#8221;4.27.2&#8243; _module_preset=&#8221;default&#8221; text_orientation=&#8221;center&#8221; global_colors_info=&#8221;{}&#8221;]<\/p>\n<p style=\"text-align: center;\"><a href=\"https:\/\/lazarus.se\/wp-content\/uploads\/2024\/10\/lazarus-icon-white.svg\"><img loading=\"lazy\" decoding=\"async\" src=\"https:\/\/lazarus.se\/wp-content\/uploads\/2024\/10\/lazarus-icon-white.svg\" width=\"30\" height=\"30\" alt=\"\" class=\"wp-image-244487 alignnone size-medium\" style=\"padding-right: 10px;\" \/><\/a>7 F\u00f6retag<\/p>\n<p>[\/et_pb_text][\/et_pb_column][et_pb_column type=&#8221;1_3&#8243; _builder_version=&#8221;4.27.0&#8243; _module_preset=&#8221;default&#8221; custom_padding=&#8221;|20px||20px|false|true&#8221; global_colors_info=&#8221;{}&#8221;][et_pb_text module_class=&#8221;blue_banner&#8221; _builder_version=&#8221;4.27.2&#8243; _module_preset=&#8221;default&#8221; text_orientation=&#8221;center&#8221; global_colors_info=&#8221;{}&#8221;]<\/p>\n<p style=\"text-align: center;\"><a href=\"https:\/\/lazarus.se\/wp-content\/uploads\/2024\/10\/lazarus-icon-white.svg\"><img loading=\"lazy\" decoding=\"async\" src=\"https:\/\/lazarus.se\/wp-content\/uploads\/2024\/10\/lazarus-icon-white.svg\" width=\"30\" height=\"30\" alt=\"\" class=\"wp-image-244487 alignnone size-medium\" style=\"padding-right: 10px;\" \/><\/a>1590 anst\u00e4llda<\/p>\n<p>[\/et_pb_text][\/et_pb_column][et_pb_column type=&#8221;1_3&#8243; _builder_version=&#8221;4.27.2&#8243; _module_preset=&#8221;default&#8221; custom_padding=&#8221;|||20px|false|false&#8221; custom_padding_tablet=&#8221;|||0px|false|false&#8221; custom_padding_phone=&#8221;|||0px|false|false&#8221; custom_padding_last_edited=&#8221;on|desktop&#8221; border_width_left=&#8221;2px&#8221; border_color_left=&#8221;#FFFFFF&#8221; border_width_all_tablet=&#8221;&#8221; border_width_all_phone=&#8221;&#8221; border_width_all_last_edited=&#8221;on|desktop&#8221; border_width_left_tablet=&#8221;0px&#8221; border_width_left_phone=&#8221;&#8221; border_width_left_last_edited=&#8221;on|desktop&#8221; global_colors_info=&#8221;{}&#8221;][et_pb_text module_class=&#8221;blue_banner&#8221; _builder_version=&#8221;4.27.2&#8243; _module_preset=&#8221;default&#8221; text_orientation=&#8221;center&#8221; global_colors_info=&#8221;{}&#8221;]<\/p>\n<p style=\"text-align: center;\"><a href=\"https:\/\/lazarus.se\/wp-content\/uploads\/2024\/10\/lazarus-icon-white.svg\"><img loading=\"lazy\" decoding=\"async\" src=\"https:\/\/lazarus.se\/wp-content\/uploads\/2024\/10\/lazarus-icon-white.svg\" width=\"30\" height=\"30\" alt=\"\" class=\"wp-image-244487 alignnone size-medium\" style=\"padding-right: 10px;\" \/><\/a>4 l\u00e4nder<\/p>\n<p>[\/et_pb_text][\/et_pb_column][\/et_pb_row][\/et_pb_section][et_pb_section fb_built=&#8221;1&#8243; admin_label=&#8221;Call to Action&#8221; _builder_version=&#8221;4.27.0&#8243; _module_preset=&#8221;default&#8221; custom_margin=&#8221;0em||2em||false|false&#8221; custom_padding=&#8221;0px||0px||true|false&#8221; collapsed=&#8221;off&#8221; global_colors_info=&#8221;{}&#8221;][et_pb_row module_class=&#8221;ingress&#8221; _builder_version=&#8221;4.27.2&#8243; _module_preset=&#8221;default&#8221; custom_margin=&#8221;2em||||false|false&#8221; custom_padding=&#8221;15px||15px||true|false&#8221; global_colors_info=&#8221;{}&#8221;][et_pb_column type=&#8221;4_4&#8243; _builder_version=&#8221;4.27.0&#8243; _module_preset=&#8221;default&#8221; global_colors_info=&#8221;{}&#8221;][et_pb_text _builder_version=&#8221;4.27.4&#8243; _module_preset=&#8221;default&#8221; custom_padding=&#8221;0px||0px||true|false&#8221; hover_enabled=&#8221;0&#8243; global_colors_info=&#8221;{}&#8221; sticky_enabled=&#8221;0&#8243;]<\/p>\n<h2>Partners<\/h2>\n<p>[\/et_pb_text][\/et_pb_column][\/et_pb_row][et_pb_row column_structure=&#8221;1_4,1_4,1_4,1_4&#8243; module_class=&#8221;our_company&#8221; _builder_version=&#8221;4.27.0&#8243; _module_preset=&#8221;default&#8221; global_colors_info=&#8221;{}&#8221;][et_pb_column type=&#8221;1_4&#8243; _builder_version=&#8221;4.27.0&#8243; _module_preset=&#8221;default&#8221; global_colors_info=&#8221;{}&#8221;][et_pb_blurb title=&#8221;Claes Jonson&#8221; image=&#8221;https:\/\/lazarus.se\/wp-content\/uploads\/2024\/10\/Claes-Jonson.jpg&#8221; module_class=&#8221;blurs_team&#8221; _builder_version=&#8221;4.27.3&#8243; _module_preset=&#8221;default&#8221; global_colors_info=&#8221;{}&#8221;][\/et_pb_blurb][\/et_pb_column][et_pb_column type=&#8221;1_4&#8243; _builder_version=&#8221;4.27.0&#8243; _module_preset=&#8221;default&#8221; global_colors_info=&#8221;{}&#8221;][et_pb_blurb title=&#8221;Martin Alsander&#8221; image=&#8221;https:\/\/lazarus.se\/wp-content\/uploads\/2024\/10\/Martin-Alsander.jpg&#8221; module_class=&#8221;blurs_team&#8221; _builder_version=&#8221;4.27.3&#8243; _module_preset=&#8221;default&#8221; global_colors_info=&#8221;{}&#8221;][\/et_pb_blurb][\/et_pb_column][et_pb_column type=&#8221;1_4&#8243; _builder_version=&#8221;4.27.0&#8243; _module_preset=&#8221;default&#8221; global_colors_info=&#8221;{}&#8221;][et_pb_blurb title=&#8221;Pascal Keck&#8221; image=&#8221;https:\/\/lazarus.se\/wp-content\/uploads\/2024\/10\/Pascal-Keck.jpg&#8221; module_class=&#8221;blurs_team&#8221; _builder_version=&#8221;4.27.3&#8243; _module_preset=&#8221;default&#8221; global_colors_info=&#8221;{}&#8221;][\/et_pb_blurb][\/et_pb_column][et_pb_column type=&#8221;1_4&#8243; _builder_version=&#8221;4.27.0&#8243; _module_preset=&#8221;default&#8221; global_colors_info=&#8221;{}&#8221;][et_pb_blurb title=&#8221;Yann Blandy&#8221; image=&#8221;https:\/\/lazarus.se\/wp-content\/uploads\/2024\/10\/Yann-Blandy.jpg&#8221; module_class=&#8221;blurs_team&#8221; _builder_version=&#8221;4.27.4&#8243; _module_preset=&#8221;default&#8221; global_colors_info=&#8221;{}&#8221;][\/et_pb_blurb][\/et_pb_column][\/et_pb_row][et_pb_row module_class=&#8221;ingress&#8221; _builder_version=&#8221;4.27.2&#8243; _module_preset=&#8221;default&#8221; custom_padding=&#8221;15px||0px||false|false&#8221; global_colors_info=&#8221;{}&#8221;][et_pb_column type=&#8221;4_4&#8243; _builder_version=&#8221;4.27.0&#8243; _module_preset=&#8221;default&#8221; global_colors_info=&#8221;{}&#8221;][et_pb_text _builder_version=&#8221;4.27.4&#8243; _module_preset=&#8221;default&#8221; custom_padding=&#8221;19px||19px||true|false&#8221; hover_enabled=&#8221;0&#8243; global_colors_info=&#8221;{}&#8221; sticky_enabled=&#8221;0&#8243;]<\/p>\n<h2>Team<\/h2>\n<p>[\/et_pb_text][\/et_pb_column][\/et_pb_row][et_pb_row column_structure=&#8221;1_4,1_4,1_4,1_4&#8243; _builder_version=&#8221;4.27.4&#8243; _module_preset=&#8221;default&#8221; global_colors_info=&#8221;{}&#8221;][et_pb_column type=&#8221;1_4&#8243; _builder_version=&#8221;4.27.0&#8243; _module_preset=&#8221;default&#8221; global_colors_info=&#8221;{}&#8221;][et_pb_blurb title=&#8221;Charlotte Lahti&#8221; image=&#8221;https:\/\/lazarus.se\/wp-content\/uploads\/2024\/10\/lotta.jpg&#8221; module_class=&#8221;blurs_team&#8221; _builder_version=&#8221;4.27.4&#8243; _module_preset=&#8221;default&#8221; global_colors_info=&#8221;{}&#8221;]<\/p>\n<p>Accounting Manager<\/p>\n<p>[\/et_pb_blurb][\/et_pb_column][et_pb_column type=&#8221;1_4&#8243; _builder_version=&#8221;4.27.0&#8243; _module_preset=&#8221;default&#8221; global_colors_info=&#8221;{}&#8221;][et_pb_blurb title=&#8221;Christian Mandersson&#8221; image=&#8221;https:\/\/lazarus.se\/wp-content\/uploads\/2026\/02\/Christian-foto-team-crop-scaled-e1770029708851.jpg&#8221; module_class=&#8221;blurs_team&#8221; _builder_version=&#8221;4.27.4&#8243; _module_preset=&#8221;default&#8221; global_colors_info=&#8221;{}&#8221;]<\/p>\n<p>Operations Manager<\/p>\n<p>[\/et_pb_blurb][\/et_pb_column][et_pb_column type=&#8221;1_4&#8243; _builder_version=&#8221;4.27.4&#8243; _module_preset=&#8221;default&#8221; global_colors_info=&#8221;{}&#8221;][et_pb_blurb title=&#8221;Helena Schennings&#8221; image=&#8221;https:\/\/lazarus.se\/wp-content\/uploads\/2024\/10\/helena.jpg&#8221; module_class=&#8221;blurs_team&#8221; _builder_version=&#8221;4.27.4&#8243; _module_preset=&#8221;default&#8221; global_colors_info=&#8221;{}&#8221;]<\/p>\n<p>Senior Investment Manager<\/p>\n<p>[\/et_pb_blurb][\/et_pb_column][et_pb_column type=&#8221;1_4&#8243; _builder_version=&#8221;4.27.4&#8243; _module_preset=&#8221;default&#8221; global_colors_info=&#8221;{}&#8221;][et_pb_blurb title=&#8221;John Lorentzi&#8221; image=&#8221;https:\/\/lazarus.se\/wp-content\/uploads\/2026\/03\/john2-e1771227428779.jpg&#8221; module_class=&#8221;blurs_team&#8221; _builder_version=&#8221;4.27.4&#8243; _module_preset=&#8221;default&#8221; hover_enabled=&#8221;0&#8243; global_colors_info=&#8221;{}&#8221; title_text=&#8221;john2-e1771227428779&#8243; sticky_enabled=&#8221;0&#8243;]<\/p>\n<p>Investment Analyst<\/p>\n<p>[\/et_pb_blurb][\/et_pb_column][\/et_pb_row][et_pb_row column_structure=&#8221;1_4,1_4,1_4,1_4&#8243; _builder_version=&#8221;4.27.2&#8243; _module_preset=&#8221;default&#8221; global_colors_info=&#8221;{}&#8221;][et_pb_column type=&#8221;1_4&#8243; _builder_version=&#8221;4.27.0&#8243; _module_preset=&#8221;default&#8221; global_colors_info=&#8221;{}&#8221;][et_pb_blurb title=&#8221;Maria Zehendner&#8221; image=&#8221;https:\/\/lazarus.se\/wp-content\/uploads\/2026\/02\/Maria-foto-ret-e1771225871767.jpg&#8221; module_class=&#8221;blurs_team&#8221; _builder_version=&#8221;4.27.4&#8243; _module_preset=&#8221;default&#8221; global_colors_info=&#8221;{}&#8221;]<\/p>\n<p>CFO<\/p>\n<p>[\/et_pb_blurb][\/et_pb_column][et_pb_column type=&#8221;1_4&#8243; _builder_version=&#8221;4.27.0&#8243; _module_preset=&#8221;default&#8221; global_colors_info=&#8221;{}&#8221;][et_pb_blurb title=&#8221;Sverre Trygg&#8221; image=&#8221;https:\/\/lazarus.se\/wp-content\/uploads\/2024\/10\/Sverre-Trygg.jpg&#8221; module_class=&#8221;blurs_team&#8221; _builder_version=&#8221;4.27.4&#8243; _module_preset=&#8221;default&#8221; global_colors_info=&#8221;{}&#8221;]<\/p>\n<p>Investment Director<\/p>\n<p>[\/et_pb_blurb][\/et_pb_column][et_pb_column type=&#8221;1_4&#8243; _builder_version=&#8221;4.27.0&#8243; _module_preset=&#8221;default&#8221; global_colors_info=&#8221;{}&#8221;][et_pb_blurb title=&#8221;Victor V\u00e4gg\u00f6&#8221; image=&#8221;https:\/\/lazarus.se\/wp-content\/uploads\/2024\/10\/Victor-Vaggo.jpg&#8221; module_class=&#8221;blurs_team&#8221; _builder_version=&#8221;4.27.4&#8243; _module_preset=&#8221;default&#8221; global_colors_info=&#8221;{}&#8221;]<\/p>\n<p>Investment Manager<\/p>\n<p>[\/et_pb_blurb][\/et_pb_column][et_pb_column type=&#8221;1_4&#8243; _builder_version=&#8221;4.27.0&#8243; _module_preset=&#8221;default&#8221; global_colors_info=&#8221;{}&#8221;][\/et_pb_column][\/et_pb_row][\/et_pb_section]<\/p>\n","protected":false},"excerpt":{"rendered":"<p>Team7 F\u00f6retag1590 anst\u00e4llda4 l\u00e4nderPartnersTeamAccounting ManagerOperations ManagerSenior Investment ManagerInvestment AnalystCFOInvestment DirectorInvestment Manager<\/p>\n","protected":false},"author":4,"featured_media":0,"parent":0,"menu_order":0,"comment_status":"closed","ping_status":"closed","template":"","meta":{"_et_pb_use_builder":"on","_et_pb_old_content":"","_et_gb_content_width":"","inline_featured_image":false,"footnotes":""},"class_list":["post-246134","page","type-page","status-publish","hentry"],"yoast_head":"<!-- This site is optimized with the Yoast SEO plugin v27.4 - https:\/\/yoast.com\/product\/yoast-seo-wordpress\/ -->\n<title>Team - Lazarus<\/title>\n<meta name=\"robots\" content=\"index, follow, max-snippet:-1, max-image-preview:large, max-video-preview:-1\" \/>\n<link rel=\"canonical\" href=\"https:\/\/lazarus.se\/en\/team\/\" \/>\n<meta property=\"og:locale\" content=\"en_US\" \/>\n<meta property=\"og:type\" content=\"article\" \/>\n<meta property=\"og:title\" content=\"Team - Lazarus\" \/>\n<meta property=\"og:description\" content=\"Team7 F\u00f6retag1590 anst\u00e4llda4 l\u00e4nderPartnersTeamAccounting ManagerOperations ManagerSenior Investment ManagerInvestment AnalystCFOInvestment DirectorInvestment Manager\" \/>\n<meta property=\"og:url\" content=\"https:\/\/lazarus.se\/en\/team\/\" \/>\n<meta property=\"og:site_name\" content=\"Lazarus\" \/>\n<meta property=\"article:modified_time\" content=\"2026-03-15T13:29:02+00:00\" \/>\n<meta property=\"og:image\" content=\"https:\/\/lazarus.se\/wp-content\/uploads\/2024\/10\/lazarus-icon-white.svg\" \/>\n<meta name=\"twitter:card\" content=\"summary_large_image\" \/>\n<meta name=\"twitter:label1\" content=\"Est. reading time\" \/>\n\t<meta name=\"twitter:data1\" content=\"3 minutes\" \/>\n<script type=\"application\/ld+json\" class=\"yoast-schema-graph\">{\"@context\":\"https:\\\/\\\/schema.org\",\"@graph\":[{\"@type\":\"WebPage\",\"@id\":\"https:\\\/\\\/lazarus.se\\\/en\\\/team\\\/\",\"url\":\"https:\\\/\\\/lazarus.se\\\/en\\\/team\\\/\",\"name\":\"Team - Lazarus\",\"isPartOf\":{\"@id\":\"https:\\\/\\\/lazarus.se\\\/en\\\/#website\"},\"primaryImageOfPage\":{\"@id\":\"https:\\\/\\\/lazarus.se\\\/en\\\/team\\\/#primaryimage\"},\"image\":{\"@id\":\"https:\\\/\\\/lazarus.se\\\/en\\\/team\\\/#primaryimage\"},\"thumbnailUrl\":\"https:\\\/\\\/lazarus.se\\\/wp-content\\\/uploads\\\/2024\\\/10\\\/lazarus-icon-white.svg\",\"datePublished\":\"2024-10-24T11:17:46+00:00\",\"dateModified\":\"2026-03-15T13:29:02+00:00\",\"breadcrumb\":{\"@id\":\"https:\\\/\\\/lazarus.se\\\/en\\\/team\\\/#breadcrumb\"},\"inLanguage\":\"en-US\",\"potentialAction\":[{\"@type\":\"ReadAction\",\"target\":[\"https:\\\/\\\/lazarus.se\\\/en\\\/team\\\/\"]}]},{\"@type\":\"ImageObject\",\"inLanguage\":\"en-US\",\"@id\":\"https:\\\/\\\/lazarus.se\\\/en\\\/team\\\/#primaryimage\",\"url\":\"https:\\\/\\\/lazarus.se\\\/wp-content\\\/uploads\\\/2024\\\/10\\\/lazarus-icon-white.svg\",\"contentUrl\":\"https:\\\/\\\/lazarus.se\\\/wp-content\\\/uploads\\\/2024\\\/10\\\/lazarus-icon-white.svg\"},{\"@type\":\"BreadcrumbList\",\"@id\":\"https:\\\/\\\/lazarus.se\\\/en\\\/team\\\/#breadcrumb\",\"itemListElement\":[{\"@type\":\"ListItem\",\"position\":1,\"name\":\"Hem\",\"item\":\"https:\\\/\\\/lazarus.se\\\/en\\\/\"},{\"@type\":\"ListItem\",\"position\":2,\"name\":\"Team\"}]},{\"@type\":\"WebSite\",\"@id\":\"https:\\\/\\\/lazarus.se\\\/en\\\/#website\",\"url\":\"https:\\\/\\\/lazarus.se\\\/en\\\/\",\"name\":\"Lazarus\",\"description\":\"\",\"potentialAction\":[{\"@type\":\"SearchAction\",\"target\":{\"@type\":\"EntryPoint\",\"urlTemplate\":\"https:\\\/\\\/lazarus.se\\\/en\\\/?s={search_term_string}\"},\"query-input\":{\"@type\":\"PropertyValueSpecification\",\"valueRequired\":true,\"valueName\":\"search_term_string\"}}],\"inLanguage\":\"en-US\"}]}<\/script>\n<!-- \/ Yoast SEO plugin. -->","yoast_head_json":{"title":"Team - Lazarus","robots":{"index":"index","follow":"follow","max-snippet":"max-snippet:-1","max-image-preview":"max-image-preview:large","max-video-preview":"max-video-preview:-1"},"canonical":"https:\/\/lazarus.se\/en\/team\/","og_locale":"en_US","og_type":"article","og_title":"Team - Lazarus","og_description":"Team7 F\u00f6retag1590 anst\u00e4llda4 l\u00e4nderPartnersTeamAccounting ManagerOperations ManagerSenior Investment ManagerInvestment AnalystCFOInvestment DirectorInvestment Manager","og_url":"https:\/\/lazarus.se\/en\/team\/","og_site_name":"Lazarus","article_modified_time":"2026-03-15T13:29:02+00:00","og_image":[{"url":"https:\/\/lazarus.se\/wp-content\/uploads\/2024\/10\/lazarus-icon-white.svg","type":"","width":"","height":""}],"twitter_card":"summary_large_image","twitter_misc":{"Est. reading time":"3 minutes"},"schema":{"@context":"https:\/\/schema.org","@graph":[{"@type":"WebPage","@id":"https:\/\/lazarus.se\/en\/team\/","url":"https:\/\/lazarus.se\/en\/team\/","name":"Team - Lazarus","isPartOf":{"@id":"https:\/\/lazarus.se\/en\/#website"},"primaryImageOfPage":{"@id":"https:\/\/lazarus.se\/en\/team\/#primaryimage"},"image":{"@id":"https:\/\/lazarus.se\/en\/team\/#primaryimage"},"thumbnailUrl":"https:\/\/lazarus.se\/wp-content\/uploads\/2024\/10\/lazarus-icon-white.svg","datePublished":"2024-10-24T11:17:46+00:00","dateModified":"2026-03-15T13:29:02+00:00","breadcrumb":{"@id":"https:\/\/lazarus.se\/en\/team\/#breadcrumb"},"inLanguage":"en-US","potentialAction":[{"@type":"ReadAction","target":["https:\/\/lazarus.se\/en\/team\/"]}]},{"@type":"ImageObject","inLanguage":"en-US","@id":"https:\/\/lazarus.se\/en\/team\/#primaryimage","url":"https:\/\/lazarus.se\/wp-content\/uploads\/2024\/10\/lazarus-icon-white.svg","contentUrl":"https:\/\/lazarus.se\/wp-content\/uploads\/2024\/10\/lazarus-icon-white.svg"},{"@type":"BreadcrumbList","@id":"https:\/\/lazarus.se\/en\/team\/#breadcrumb","itemListElement":[{"@type":"ListItem","position":1,"name":"Hem","item":"https:\/\/lazarus.se\/en\/"},{"@type":"ListItem","position":2,"name":"Team"}]},{"@type":"WebSite","@id":"https:\/\/lazarus.se\/en\/#website","url":"https:\/\/lazarus.se\/en\/","name":"Lazarus","description":"","potentialAction":[{"@type":"SearchAction","target":{"@type":"EntryPoint","urlTemplate":"https:\/\/lazarus.se\/en\/?s={search_term_string}"},"query-input":{"@type":"PropertyValueSpecification","valueRequired":true,"valueName":"search_term_string"}}],"inLanguage":"en-US"}]}},"_links":{"self":[{"href":"https:\/\/lazarus.se\/en\/wp-json\/wp\/v2\/pages\/246134","targetHints":{"allow":["GET"]}}],"collection":[{"href":"https:\/\/lazarus.se\/en\/wp-json\/wp\/v2\/pages"}],"about":[{"href":"https:\/\/lazarus.se\/en\/wp-json\/wp\/v2\/types\/page"}],"author":[{"embeddable":true,"href":"https:\/\/lazarus.se\/en\/wp-json\/wp\/v2\/users\/4"}],"replies":[{"embeddable":true,"href":"https:\/\/lazarus.se\/en\/wp-json\/wp\/v2\/comments?post=246134"}],"version-history":[{"count":23,"href":"https:\/\/lazarus.se\/en\/wp-json\/wp\/v2\/pages\/246134\/revisions"}],"predecessor-version":[{"id":246691,"href":"https:\/\/lazarus.se\/en\/wp-json\/wp\/v2\/pages\/246134\/revisions\/246691"}],"wp:attachment":[{"href":"https:\/\/lazarus.se\/en\/wp-json\/wp\/v2\/media?parent=246134"}],"curies":[{"name":"wp","href":"https:\/\/api.w.org\/{rel}","templated":true}]}}