{"id":246077,"date":"2024-10-24T15:06:33","date_gmt":"2024-10-24T13:06:33","guid":{"rendered":"https:\/\/lazarus.se\/?page_id=246077"},"modified":"2024-12-05T13:53:05","modified_gmt":"2024-12-05T12:53:05","slug":"history","status":"publish","type":"page","link":"https:\/\/lazarus.se\/en\/about-us\/history\/","title":{"rendered":"History"},"content":{"rendered":"<p>[et_pb_section fb_built=&#8221;1&#8243; disabled_on=&#8221;off|off|off&#8221; _builder_version=&#8221;4.27.0&#8243; _module_preset=&#8221;default&#8221; background_color=&#8221;RGBA(255,255,255,0)&#8221; use_background_color_gradient=&#8221;on&#8221; background_color_gradient_stops=&#8221;rgba(0,86,117,0) 1%|#005675 100%&#8221; positioning=&#8221;absolute&#8221; position_origin_a=&#8221;top_center&#8221; vertical_offset=&#8221;440px&#8221; z_index=&#8221;500&#8243; custom_margin=&#8221;||-1px||false|false&#8221; custom_padding=&#8221;20px||20px||true|false&#8221; disabled=&#8221;on&#8221; saved_tabs=&#8221;all&#8221; global_colors_info=&#8221;{}&#8221;][et_pb_row _builder_version=&#8221;4.27.0&#8243; _module_preset=&#8221;default&#8221; custom_padding=&#8221;10px||10px||true|false&#8221; global_colors_info=&#8221;{}&#8221;][et_pb_column type=&#8221;4_4&#8243; _builder_version=&#8221;4.27.0&#8243; _module_preset=&#8221;default&#8221; global_colors_info=&#8221;{}&#8221;][\/et_pb_column][\/et_pb_row][\/et_pb_section][et_pb_section fb_built=&#8221;1&#8243; module_class=&#8221;header_image&#8221; _builder_version=&#8221;4.27.3&#8243; _module_preset=&#8221;default&#8221; use_background_color_gradient=&#8221;on&#8221; background_color_gradient_stops=&#8221;rgba(0,0,0,0.4) 0%|rgba(0,0,0,0.4) 100%&#8221; background_color_gradient_overlays_image=&#8221;on&#8221; background_image=&#8221;https:\/\/lazarus.se\/wp-content\/uploads\/2024\/10\/omoss-header.jpg&#8221; global_colors_info=&#8221;{}&#8221;][et_pb_row _builder_version=&#8221;4.27.2&#8243; _module_preset=&#8221;default&#8221; positioning=&#8221;absolute&#8221; position_origin_a=&#8221;bottom_center&#8221; vertical_offset=&#8221;100px&#8221; z_index=&#8221;72&#8243; global_colors_info=&#8221;{}&#8221;][et_pb_column type=&#8221;4_4&#8243; _builder_version=&#8221;4.27.0&#8243; _module_preset=&#8221;default&#8221; global_colors_info=&#8221;{}&#8221;][et_pb_text _builder_version=&#8221;4.27.3&#8243; _module_preset=&#8221;default&#8221; position_origin_a=&#8221;bottom_center&#8221; width=&#8221;100%&#8221; global_colors_info=&#8221;{}&#8221;]<\/p>\n<h1><span class=\"header_bold\">History<\/span><\/h1>\n<p>[\/et_pb_text][\/et_pb_column][\/et_pb_row][et_pb_row _builder_version=&#8221;4.27.0&#8243; _module_preset=&#8221;default&#8221; use_background_color_gradient=&#8221;on&#8221; background_color_gradient_direction=&#8221;360deg&#8221; background_color_gradient_stops=&#8221;#005675 0%|rgba(0,86,117,0) 100%&#8221; positioning=&#8221;absolute&#8221; position_origin_a=&#8221;bottom_center&#8221; width=&#8221;100%&#8221; max_width=&#8221;100%&#8221; min_height=&#8221;30%&#8221; custom_margin=&#8221;0px||-2px||false|false&#8221; custom_padding=&#8221;0px||0px||true|false&#8221; border_color_bottom=&#8221;#005675&#8243; global_colors_info=&#8221;{}&#8221;][et_pb_column type=&#8221;4_4&#8243; _builder_version=&#8221;4.27.0&#8243; _module_preset=&#8221;default&#8221; global_colors_info=&#8221;{}&#8221;][\/et_pb_column][\/et_pb_row][\/et_pb_section][et_pb_section fb_built=&#8221;1&#8243; disabled_on=&#8221;on|on|on&#8221; _builder_version=&#8221;4.27.2&#8243; _module_preset=&#8221;default&#8221; background_color=&#8221;#005675&#8243; custom_margin=&#8221;0em||||false|false&#8221; custom_padding=&#8221;0px||0px||true|false&#8221; disabled=&#8221;on&#8221; saved_tabs=&#8221;all&#8221; global_colors_info=&#8221;{}&#8221;][et_pb_row column_structure=&#8221;1_3,1_3,1_3&#8243; _builder_version=&#8221;4.27.2&#8243; _module_preset=&#8221;default&#8221; global_colors_info=&#8221;{}&#8221;][et_pb_column type=&#8221;1_3&#8243; _builder_version=&#8221;4.27.2&#8243; _module_preset=&#8221;default&#8221; custom_padding=&#8221;|20px|||false|false&#8221; custom_padding_tablet=&#8221;|0px|||false|false&#8221; custom_padding_phone=&#8221;&#8221; custom_padding_last_edited=&#8221;on|tablet&#8221; border_width_right=&#8221;2px&#8221; border_color_right=&#8221;#FFFFFF&#8221; border_radii_tablet=&#8221;&#8221; border_radii_phone=&#8221;&#8221; border_radii_last_edited=&#8221;on|tablet&#8221; border_width_right_tablet=&#8221;0px&#8221; border_width_right_phone=&#8221;&#8221; border_width_right_last_edited=&#8221;on|phone&#8221; global_colors_info=&#8221;{}&#8221;][et_pb_text module_class=&#8221;blue_banner&#8221; _builder_version=&#8221;4.27.2&#8243; _module_preset=&#8221;default&#8221; text_orientation=&#8221;center&#8221; global_colors_info=&#8221;{}&#8221;]<\/p>\n<p style=\"text-align: center;\"><a href=\"https:\/\/lazarus.se\/wp-content\/uploads\/2024\/10\/lazarus-icon-white.svg\"><img loading=\"lazy\" decoding=\"async\" src=\"https:\/\/lazarus.se\/wp-content\/uploads\/2024\/10\/lazarus-icon-white.svg\" width=\"30\" height=\"30\" alt=\"\" class=\"wp-image-244487 alignnone size-medium\" style=\"padding-right: 10px;\" \/><\/a>7 F\u00f6retag<\/p>\n<p>[\/et_pb_text][\/et_pb_column][et_pb_column type=&#8221;1_3&#8243; _builder_version=&#8221;4.27.0&#8243; _module_preset=&#8221;default&#8221; custom_padding=&#8221;|20px||20px|false|true&#8221; global_colors_info=&#8221;{}&#8221;][et_pb_text module_class=&#8221;blue_banner&#8221; _builder_version=&#8221;4.27.2&#8243; _module_preset=&#8221;default&#8221; text_orientation=&#8221;center&#8221; global_colors_info=&#8221;{}&#8221;]<\/p>\n<p style=\"text-align: center;\"><a href=\"https:\/\/lazarus.se\/wp-content\/uploads\/2024\/10\/lazarus-icon-white.svg\"><img loading=\"lazy\" decoding=\"async\" src=\"https:\/\/lazarus.se\/wp-content\/uploads\/2024\/10\/lazarus-icon-white.svg\" width=\"30\" height=\"30\" alt=\"\" class=\"wp-image-244487 alignnone size-medium\" style=\"padding-right: 10px;\" \/><\/a>1590 anst\u00e4llda<\/p>\n<p>[\/et_pb_text][\/et_pb_column][et_pb_column type=&#8221;1_3&#8243; _builder_version=&#8221;4.27.2&#8243; _module_preset=&#8221;default&#8221; custom_padding=&#8221;|||20px|false|false&#8221; custom_padding_tablet=&#8221;|||0px|false|false&#8221; custom_padding_phone=&#8221;|||0px|false|false&#8221; custom_padding_last_edited=&#8221;on|desktop&#8221; border_width_left=&#8221;2px&#8221; border_color_left=&#8221;#FFFFFF&#8221; border_width_all_tablet=&#8221;&#8221; border_width_all_phone=&#8221;&#8221; border_width_all_last_edited=&#8221;on|desktop&#8221; border_width_left_tablet=&#8221;0px&#8221; border_width_left_phone=&#8221;&#8221; border_width_left_last_edited=&#8221;on|desktop&#8221; global_colors_info=&#8221;{}&#8221;][et_pb_text module_class=&#8221;blue_banner&#8221; _builder_version=&#8221;4.27.2&#8243; _module_preset=&#8221;default&#8221; text_orientation=&#8221;center&#8221; global_colors_info=&#8221;{}&#8221;]<\/p>\n<p style=\"text-align: center;\"><a href=\"https:\/\/lazarus.se\/wp-content\/uploads\/2024\/10\/lazarus-icon-white.svg\"><img loading=\"lazy\" decoding=\"async\" src=\"https:\/\/lazarus.se\/wp-content\/uploads\/2024\/10\/lazarus-icon-white.svg\" width=\"30\" height=\"30\" alt=\"\" class=\"wp-image-244487 alignnone size-medium\" style=\"padding-right: 10px;\" \/><\/a>4 l\u00e4nder<\/p>\n<p>[\/et_pb_text][\/et_pb_column][\/et_pb_row][\/et_pb_section][et_pb_section fb_built=&#8221;1&#8243; module_class=&#8221;light_blue_bg&#8221; _builder_version=&#8221;4.27.0&#8243; _module_preset=&#8221;default&#8221; custom_padding=&#8221;0px||0px||true|false&#8221; global_colors_info=&#8221;{}&#8221;][et_pb_row _builder_version=&#8221;4.27.0&#8243; _module_preset=&#8221;default&#8221; global_colors_info=&#8221;{}&#8221;][et_pb_column type=&#8221;4_4&#8243; _builder_version=&#8221;4.27.0&#8243; _module_preset=&#8221;default&#8221; global_colors_info=&#8221;{}&#8221;][et_pb_text module_class=&#8221;light_blue_banner&#8221; _builder_version=&#8221;4.27.3&#8243; _module_preset=&#8221;default&#8221; global_colors_info=&#8221;{}&#8221;]Behind every success, there is often a story. The idea for Lazarus was born during the complex yet highly successful restructuring of the media group Stampen, where two of Lazarus&#8217; four partners were in charge.[\/et_pb_text][\/et_pb_column][\/et_pb_row][\/et_pb_section][et_pb_section fb_built=&#8221;1&#8243; admin_label=&#8221;Call to Action&#8221; _builder_version=&#8221;4.27.0&#8243; _module_preset=&#8221;default&#8221; custom_margin=&#8221;2em||2em||true|false&#8221; custom_padding=&#8221;0px||0px||true|false&#8221; collapsed=&#8221;off&#8221; global_colors_info=&#8221;{}&#8221;][et_pb_row _builder_version=&#8221;4.27.2&#8243; _module_preset=&#8221;default&#8221; global_colors_info=&#8221;{}&#8221;][et_pb_column type=&#8221;4_4&#8243; _builder_version=&#8221;4.27.2&#8243; _module_preset=&#8221;default&#8221; global_colors_info=&#8221;{}&#8221;][et_pb_text _builder_version=&#8221;4.27.3&#8243; _module_preset=&#8221;default&#8221; text_line_height=&#8221;2em&#8221; text_line_height_tablet=&#8221;1.6em&#8221; text_line_height_phone=&#8221;1.6em&#8221; text_line_height_last_edited=&#8221;on|tablet&#8221; global_colors_info=&#8221;{}&#8221;]This process was initially kept confidential and given the codename &#8220;Project Lazarus.&#8221; The project name reflected the ambition of the complicated rescue mission, which aimed to decisively revive the Stampen Group. At the time, the restructuring was Sweden&#8217;s largest ever, involving 16 companies undergoing parallel corporate reorganizations in several district courts simultaneously. <\/p>\n<p>As part of the necessary overhaul of Stampen, formal corporate restructurings were carried out for many of the group\u2019s companies. <\/p>\n<p>When the processes concluded in 2016\/17, we realized that our team had gained unique practical experience in successfully navigating even the most challenging situations. We struggled to find other teams in Sweden with similar hands-on experience, which became the starting point for Lazarus. For a few years, we worked on practical advisory and interim assignments focused specifically on complex turnaround situations. Then, in 2019, we made our first acquisitions of companies in distress. <\/p>\n<p>Since then, Lazarus has completed 11 acquisitions. Three of our investments have been successfully divested, and the current portfolio of eight companies continues to develop in the right direction. [\/et_pb_text][\/et_pb_column][\/et_pb_row][\/et_pb_section]<\/p>\n","protected":false},"excerpt":{"rendered":"<p>History7 F\u00f6retag1590 anst\u00e4llda4 l\u00e4nderBehind every success, there is often a story. The idea for Lazarus was born during the complex yet highly successful restructuring of the media group Stampen, where two of Lazarus&#8217; four partners were in charge.This process was initially kept confidential and given the codename &#8220;Project Lazarus.&#8221; The project name reflected the ambition [&hellip;]<\/p>\n","protected":false},"author":4,"featured_media":0,"parent":246054,"menu_order":0,"comment_status":"closed","ping_status":"closed","template":"","meta":{"_et_pb_use_builder":"on","_et_pb_old_content":"[et_pb_section fb_built=\"1\" disabled_on=\"off|off|off\" _builder_version=\"4.27.0\" _module_preset=\"default\" background_color=\"RGBA(255,255,255,0)\" use_background_color_gradient=\"on\" background_color_gradient_stops=\"rgba(0,86,117,0) 1%|#005675 100%\" positioning=\"absolute\" position_origin_a=\"top_center\" vertical_offset=\"440px\" z_index=\"500\" custom_margin=\"||-1px||false|false\" custom_padding=\"20px||20px||true|false\" disabled=\"on\" global_module=\"244541\" saved_tabs=\"all\" global_colors_info=\"{}\"][et_pb_row _builder_version=\"4.27.0\" _module_preset=\"default\" custom_padding=\"10px||10px||true|false\" global_colors_info=\"{}\"][et_pb_column type=\"4_4\" _builder_version=\"4.27.0\" _module_preset=\"default\" global_colors_info=\"{}\"][\/et_pb_column][\/et_pb_row][\/et_pb_section][et_pb_section fb_built=\"1\" module_class=\"header_image\" _builder_version=\"4.27.3\" _module_preset=\"default\" background_image=\"https:\/\/lazarus.se\/wp-content\/uploads\/2024\/10\/omoss-header.jpg\" hover_enabled=\"0\" global_colors_info=\"{}\" use_background_color_gradient=\"on\" background_color_gradient_stops=\"rgba(0,0,0,0.4) 0%|rgba(0,0,0,0.4) 100%\" background_color_gradient_overlays_image=\"on\" sticky_enabled=\"0\"][et_pb_row _builder_version=\"4.27.2\" _module_preset=\"default\" positioning=\"absolute\" position_origin_a=\"bottom_center\" vertical_offset=\"100px\" z_index=\"72\" global_colors_info=\"{}\"][et_pb_column type=\"4_4\" _builder_version=\"4.27.0\" _module_preset=\"default\" global_colors_info=\"{}\"][et_pb_text _builder_version=\"4.27.2\" _module_preset=\"default\" position_origin_a=\"bottom_center\" width=\"100%\" global_colors_info=\"{}\"]<h1><span class=\"header_bold\">Historia<\/span><\/h1>[\/et_pb_text][\/et_pb_column][\/et_pb_row][et_pb_row _builder_version=\"4.27.0\" _module_preset=\"default\" use_background_color_gradient=\"on\" background_color_gradient_direction=\"360deg\" background_color_gradient_stops=\"#005675 0%|rgba(0,86,117,0) 100%\" positioning=\"absolute\" position_origin_a=\"bottom_center\" width=\"100%\" max_width=\"100%\" min_height=\"30%\" custom_margin=\"0px||-2px||false|false\" custom_padding=\"0px||0px||true|false\" border_color_bottom=\"#005675\" global_colors_info=\"{}\"][et_pb_column type=\"4_4\" _builder_version=\"4.27.0\" _module_preset=\"default\" global_colors_info=\"{}\"][\/et_pb_column][\/et_pb_row][\/et_pb_section][et_pb_section fb_built=\"1\" disabled_on=\"on|on|on\" _builder_version=\"4.27.2\" _module_preset=\"default\" background_color=\"#005675\" custom_margin=\"0em||||false|false\" custom_padding=\"0px||0px||true|false\" disabled=\"on\" saved_tabs=\"all\" global_colors_info=\"{}\"][et_pb_row column_structure=\"1_3,1_3,1_3\" _builder_version=\"4.27.2\" _module_preset=\"default\" global_colors_info=\"{}\"][et_pb_column type=\"1_3\" _builder_version=\"4.27.2\" _module_preset=\"default\" custom_padding=\"|20px|||false|false\" custom_padding_tablet=\"|0px|||false|false\" custom_padding_phone=\"\" custom_padding_last_edited=\"on|tablet\" border_width_right=\"2px\" border_color_right=\"#FFFFFF\" border_radii_tablet=\"\" border_radii_phone=\"\" border_radii_last_edited=\"on|tablet\" border_width_right_tablet=\"0px\" border_width_right_phone=\"\" border_width_right_last_edited=\"on|phone\" global_colors_info=\"{}\"][et_pb_text module_class=\"blue_banner\" _builder_version=\"4.27.2\" _module_preset=\"default\" text_orientation=\"center\" global_colors_info=\"{}\"]<p style=\"text-align: center;\"><a href=\"https:\/\/lazarus.se\/wp-content\/uploads\/2024\/10\/lazarus-icon-white.svg\"><img src=\"https:\/\/lazarus.se\/wp-content\/uploads\/2024\/10\/lazarus-icon-white.svg\" width=\"30\" height=\"30\" alt=\"\" class=\"wp-image-244487 alignnone size-medium\" style=\"padding-right: 10px;\" \/><\/a>7 F\u00f6retag<\/p>[\/et_pb_text][\/et_pb_column][et_pb_column type=\"1_3\" _builder_version=\"4.27.0\" _module_preset=\"default\" custom_padding=\"|20px||20px|false|true\" global_colors_info=\"{}\"][et_pb_text module_class=\"blue_banner\" _builder_version=\"4.27.2\" _module_preset=\"default\" text_orientation=\"center\" global_colors_info=\"{}\"]<p style=\"text-align: center;\"><a href=\"https:\/\/lazarus.se\/wp-content\/uploads\/2024\/10\/lazarus-icon-white.svg\"><img src=\"https:\/\/lazarus.se\/wp-content\/uploads\/2024\/10\/lazarus-icon-white.svg\" width=\"30\" height=\"30\" alt=\"\" class=\"wp-image-244487 alignnone size-medium\" style=\"padding-right: 10px;\" \/><\/a>1590 anst\u00e4llda<\/p>[\/et_pb_text][\/et_pb_column][et_pb_column type=\"1_3\" _builder_version=\"4.27.2\" _module_preset=\"default\" custom_padding=\"|||20px|false|false\" custom_padding_tablet=\"|||0px|false|false\" custom_padding_phone=\"|||0px|false|false\" custom_padding_last_edited=\"on|desktop\" border_width_left=\"2px\" border_color_left=\"#FFFFFF\" border_width_all_tablet=\"\" border_width_all_phone=\"\" border_width_all_last_edited=\"on|desktop\" border_width_left_tablet=\"0px\" border_width_left_phone=\"\" border_width_left_last_edited=\"on|desktop\" global_colors_info=\"{}\"][et_pb_text module_class=\"blue_banner\" _builder_version=\"4.27.2\" _module_preset=\"default\" text_orientation=\"center\" global_colors_info=\"{}\"]<p style=\"text-align: center;\"><a href=\"https:\/\/lazarus.se\/wp-content\/uploads\/2024\/10\/lazarus-icon-white.svg\"><img src=\"https:\/\/lazarus.se\/wp-content\/uploads\/2024\/10\/lazarus-icon-white.svg\" width=\"30\" height=\"30\" alt=\"\" class=\"wp-image-244487 alignnone size-medium\" style=\"padding-right: 10px;\" \/><\/a>4 l\u00e4nder<\/p>[\/et_pb_text][\/et_pb_column][\/et_pb_row][\/et_pb_section][et_pb_section fb_built=\"1\" module_class=\"light_blue_bg\" _builder_version=\"4.27.0\" _module_preset=\"default\" custom_padding=\"0px||0px||true|false\" global_colors_info=\"{}\"][et_pb_row _builder_version=\"4.27.0\" _module_preset=\"default\" global_colors_info=\"{}\"][et_pb_column type=\"4_4\" _builder_version=\"4.27.0\" _module_preset=\"default\" global_colors_info=\"{}\"][et_pb_text module_class=\"light_blue_banner\" _builder_version=\"4.27.2\" _module_preset=\"default\" global_colors_info=\"{}\"]<p>Bakom varje framg\u00e5ng finns ofta en historia. Id\u00e9n till Lazarus f\u00f6ddes under den komplexa men mycket framg\u00e5ngsrika rekonstruktionen av mediekoncernen Stampen, d\u00e4r tv\u00e5 av Lazarus fyra partners var ansvariga.<br \/><span><\/span><\/p>[\/et_pb_text][\/et_pb_column][\/et_pb_row][\/et_pb_section][et_pb_section fb_built=\"1\" admin_label=\"Call to Action\" _builder_version=\"4.27.0\" _module_preset=\"default\" custom_margin=\"2em||2em||true|false\" custom_padding=\"0px||0px||true|false\" collapsed=\"off\" global_colors_info=\"{}\"][et_pb_row _builder_version=\"4.27.2\" _module_preset=\"default\" global_colors_info=\"{}\"][et_pb_column type=\"4_4\" _builder_version=\"4.27.2\" _module_preset=\"default\" global_colors_info=\"{}\"][et_pb_text _builder_version=\"4.27.2\" _module_preset=\"default\" text_line_height=\"2em\" text_line_height_tablet=\"1.6em\" text_line_height_phone=\"1.6em\" text_line_height_last_edited=\"on|tablet\" global_colors_info=\"{}\"]<p><span>Denna process hemligh\u00f6lls under en period, och fick d\u00e5 kodnamnet \u201dProjekt Lazarus\u201d. Projektnamnet \u00e5terspeglade ambitionen med den komplicerade r\u00e4ddnings\u00f6vningen, som hade som m\u00e5l att p\u00e5 ett resolut s\u00e4tt \u00e5teruppv\u00e4cka Stampenkoncernen. Rekonstruktionen var det vid tiden Sveriges genom tiderna st\u00f6rsta med 16 bolag i parallella f\u00f6retagsrekonstruktioner samtidigt i flera tingsr\u00e4tter.<\/span><\/p>\r\n<p><span>Som en del i den n\u00f6dv\u00e4ndiga omst\u00f6pningen av Stampen genomf\u00f6rdes formella f\u00f6retagsrekonstruktioner av ett stort antal av Stampenkoncernens bolag.\u00a0<\/span><\/p>\r\n<p><span>N\u00e4r processerna avslutades under 2016\/17, ins\u00e5g vi att v\u00e5rt team hade en unik praktisk erfarenhet i att framg\u00e5ngsrikt reda ut \u00e4ven extremt utmanande situationer. Vi hade sv\u00e5rt att hitta andra team i Sverige med liknande praktiska erfarenheter, och detta blev startskottet till Lazarus. Under ett par \u00e5r arbetade vi med praktisk r\u00e5dgivning och interimsuppdrag inriktade just p\u00e5 komplexa turnaroundsituationer, innan vi 2019 gjorde v\u00e5ra f\u00f6rsta egna f\u00f6rv\u00e4rv av bolag i utsatta l\u00e4gen. <\/span><\/p>\r\n<p>Lazarus har sedan dess genomf\u00f6rt 11 f\u00f6rv\u00e4rv. Tre av v\u00e5ra investeringar har avyttrats framg\u00e5ngsrikt och nuvarande portf\u00f6lj om \u00e5tta bolag forts\u00e4tter att utvecklas i r\u00e4tt riktning.<\/p>[\/et_pb_text][\/et_pb_column][\/et_pb_row][\/et_pb_section]","_et_gb_content_width":"","inline_featured_image":false,"footnotes":""},"class_list":["post-246077","page","type-page","status-publish","hentry"],"yoast_head":"<!-- This site is optimized with the Yoast SEO plugin v27.4 - https:\/\/yoast.com\/product\/yoast-seo-wordpress\/ -->\n<title>History - Lazarus<\/title>\n<meta name=\"robots\" content=\"index, follow, max-snippet:-1, max-image-preview:large, max-video-preview:-1\" \/>\n<link rel=\"canonical\" href=\"https:\/\/lazarus.se\/en\/about-us\/history\/\" \/>\n<meta property=\"og:locale\" content=\"en_US\" \/>\n<meta property=\"og:type\" content=\"article\" \/>\n<meta property=\"og:title\" content=\"History - Lazarus\" \/>\n<meta property=\"og:description\" content=\"History7 F\u00f6retag1590 anst\u00e4llda4 l\u00e4nderBehind every success, there is often a story. The idea for Lazarus was born during the complex yet highly successful restructuring of the media group Stampen, where two of Lazarus&#039; four partners were in charge.This process was initially kept confidential and given the codename &quot;Project Lazarus.&quot; The project name reflected the ambition [&hellip;]\" \/>\n<meta property=\"og:url\" content=\"https:\/\/lazarus.se\/en\/about-us\/history\/\" \/>\n<meta property=\"og:site_name\" content=\"Lazarus\" \/>\n<meta property=\"article:modified_time\" content=\"2024-12-05T12:53:05+00:00\" \/>\n<meta property=\"og:image\" content=\"https:\/\/lazarus.se\/wp-content\/uploads\/2024\/10\/lazarus-icon-white.svg\" \/>\n<meta name=\"twitter:card\" content=\"summary_large_image\" \/>\n<meta name=\"twitter:label1\" content=\"Est. reading time\" \/>\n\t<meta name=\"twitter:data1\" content=\"2 minutes\" \/>\n<script type=\"application\/ld+json\" class=\"yoast-schema-graph\">{\"@context\":\"https:\\\/\\\/schema.org\",\"@graph\":[{\"@type\":\"WebPage\",\"@id\":\"https:\\\/\\\/lazarus.se\\\/en\\\/about-us\\\/history\\\/\",\"url\":\"https:\\\/\\\/lazarus.se\\\/en\\\/about-us\\\/history\\\/\",\"name\":\"History - Lazarus\",\"isPartOf\":{\"@id\":\"https:\\\/\\\/lazarus.se\\\/en\\\/#website\"},\"primaryImageOfPage\":{\"@id\":\"https:\\\/\\\/lazarus.se\\\/en\\\/about-us\\\/history\\\/#primaryimage\"},\"image\":{\"@id\":\"https:\\\/\\\/lazarus.se\\\/en\\\/about-us\\\/history\\\/#primaryimage\"},\"thumbnailUrl\":\"https:\\\/\\\/lazarus.se\\\/wp-content\\\/uploads\\\/2024\\\/10\\\/lazarus-icon-white.svg\",\"datePublished\":\"2024-10-24T13:06:33+00:00\",\"dateModified\":\"2024-12-05T12:53:05+00:00\",\"breadcrumb\":{\"@id\":\"https:\\\/\\\/lazarus.se\\\/en\\\/about-us\\\/history\\\/#breadcrumb\"},\"inLanguage\":\"en-US\",\"potentialAction\":[{\"@type\":\"ReadAction\",\"target\":[\"https:\\\/\\\/lazarus.se\\\/en\\\/about-us\\\/history\\\/\"]}]},{\"@type\":\"ImageObject\",\"inLanguage\":\"en-US\",\"@id\":\"https:\\\/\\\/lazarus.se\\\/en\\\/about-us\\\/history\\\/#primaryimage\",\"url\":\"https:\\\/\\\/lazarus.se\\\/wp-content\\\/uploads\\\/2024\\\/10\\\/lazarus-icon-white.svg\",\"contentUrl\":\"https:\\\/\\\/lazarus.se\\\/wp-content\\\/uploads\\\/2024\\\/10\\\/lazarus-icon-white.svg\"},{\"@type\":\"BreadcrumbList\",\"@id\":\"https:\\\/\\\/lazarus.se\\\/en\\\/about-us\\\/history\\\/#breadcrumb\",\"itemListElement\":[{\"@type\":\"ListItem\",\"position\":1,\"name\":\"Hem\",\"item\":\"https:\\\/\\\/lazarus.se\\\/en\\\/\"},{\"@type\":\"ListItem\",\"position\":2,\"name\":\"About us\",\"item\":\"https:\\\/\\\/lazarus.se\\\/en\\\/about-us\\\/\"},{\"@type\":\"ListItem\",\"position\":3,\"name\":\"History\"}]},{\"@type\":\"WebSite\",\"@id\":\"https:\\\/\\\/lazarus.se\\\/en\\\/#website\",\"url\":\"https:\\\/\\\/lazarus.se\\\/en\\\/\",\"name\":\"Lazarus\",\"description\":\"\",\"potentialAction\":[{\"@type\":\"SearchAction\",\"target\":{\"@type\":\"EntryPoint\",\"urlTemplate\":\"https:\\\/\\\/lazarus.se\\\/en\\\/?s={search_term_string}\"},\"query-input\":{\"@type\":\"PropertyValueSpecification\",\"valueRequired\":true,\"valueName\":\"search_term_string\"}}],\"inLanguage\":\"en-US\"}]}<\/script>\n<!-- \/ Yoast SEO plugin. -->","yoast_head_json":{"title":"History - Lazarus","robots":{"index":"index","follow":"follow","max-snippet":"max-snippet:-1","max-image-preview":"max-image-preview:large","max-video-preview":"max-video-preview:-1"},"canonical":"https:\/\/lazarus.se\/en\/about-us\/history\/","og_locale":"en_US","og_type":"article","og_title":"History - Lazarus","og_description":"History7 F\u00f6retag1590 anst\u00e4llda4 l\u00e4nderBehind every success, there is often a story. The idea for Lazarus was born during the complex yet highly successful restructuring of the media group Stampen, where two of Lazarus' four partners were in charge.This process was initially kept confidential and given the codename \"Project Lazarus.\" The project name reflected the ambition [&hellip;]","og_url":"https:\/\/lazarus.se\/en\/about-us\/history\/","og_site_name":"Lazarus","article_modified_time":"2024-12-05T12:53:05+00:00","og_image":[{"url":"https:\/\/lazarus.se\/wp-content\/uploads\/2024\/10\/lazarus-icon-white.svg","type":"","width":"","height":""}],"twitter_card":"summary_large_image","twitter_misc":{"Est. reading time":"2 minutes"},"schema":{"@context":"https:\/\/schema.org","@graph":[{"@type":"WebPage","@id":"https:\/\/lazarus.se\/en\/about-us\/history\/","url":"https:\/\/lazarus.se\/en\/about-us\/history\/","name":"History - Lazarus","isPartOf":{"@id":"https:\/\/lazarus.se\/en\/#website"},"primaryImageOfPage":{"@id":"https:\/\/lazarus.se\/en\/about-us\/history\/#primaryimage"},"image":{"@id":"https:\/\/lazarus.se\/en\/about-us\/history\/#primaryimage"},"thumbnailUrl":"https:\/\/lazarus.se\/wp-content\/uploads\/2024\/10\/lazarus-icon-white.svg","datePublished":"2024-10-24T13:06:33+00:00","dateModified":"2024-12-05T12:53:05+00:00","breadcrumb":{"@id":"https:\/\/lazarus.se\/en\/about-us\/history\/#breadcrumb"},"inLanguage":"en-US","potentialAction":[{"@type":"ReadAction","target":["https:\/\/lazarus.se\/en\/about-us\/history\/"]}]},{"@type":"ImageObject","inLanguage":"en-US","@id":"https:\/\/lazarus.se\/en\/about-us\/history\/#primaryimage","url":"https:\/\/lazarus.se\/wp-content\/uploads\/2024\/10\/lazarus-icon-white.svg","contentUrl":"https:\/\/lazarus.se\/wp-content\/uploads\/2024\/10\/lazarus-icon-white.svg"},{"@type":"BreadcrumbList","@id":"https:\/\/lazarus.se\/en\/about-us\/history\/#breadcrumb","itemListElement":[{"@type":"ListItem","position":1,"name":"Hem","item":"https:\/\/lazarus.se\/en\/"},{"@type":"ListItem","position":2,"name":"About us","item":"https:\/\/lazarus.se\/en\/about-us\/"},{"@type":"ListItem","position":3,"name":"History"}]},{"@type":"WebSite","@id":"https:\/\/lazarus.se\/en\/#website","url":"https:\/\/lazarus.se\/en\/","name":"Lazarus","description":"","potentialAction":[{"@type":"SearchAction","target":{"@type":"EntryPoint","urlTemplate":"https:\/\/lazarus.se\/en\/?s={search_term_string}"},"query-input":{"@type":"PropertyValueSpecification","valueRequired":true,"valueName":"search_term_string"}}],"inLanguage":"en-US"}]}},"_links":{"self":[{"href":"https:\/\/lazarus.se\/en\/wp-json\/wp\/v2\/pages\/246077","targetHints":{"allow":["GET"]}}],"collection":[{"href":"https:\/\/lazarus.se\/en\/wp-json\/wp\/v2\/pages"}],"about":[{"href":"https:\/\/lazarus.se\/en\/wp-json\/wp\/v2\/types\/page"}],"author":[{"embeddable":true,"href":"https:\/\/lazarus.se\/en\/wp-json\/wp\/v2\/users\/4"}],"replies":[{"embeddable":true,"href":"https:\/\/lazarus.se\/en\/wp-json\/wp\/v2\/comments?post=246077"}],"version-history":[{"count":4,"href":"https:\/\/lazarus.se\/en\/wp-json\/wp\/v2\/pages\/246077\/revisions"}],"predecessor-version":[{"id":246083,"href":"https:\/\/lazarus.se\/en\/wp-json\/wp\/v2\/pages\/246077\/revisions\/246083"}],"up":[{"embeddable":true,"href":"https:\/\/lazarus.se\/en\/wp-json\/wp\/v2\/pages\/246054"}],"wp:attachment":[{"href":"https:\/\/lazarus.se\/en\/wp-json\/wp\/v2\/media?parent=246077"}],"curies":[{"name":"wp","href":"https:\/\/api.w.org\/{rel}","templated":true}]}}