{"id":245949,"date":"2024-11-13T16:33:32","date_gmt":"2024-11-13T15:33:32","guid":{"rendered":"https:\/\/lazarus.se\/?page_id=245949"},"modified":"2024-12-09T10:59:06","modified_gmt":"2024-12-09T09:59:06","slug":"nordic-brass-gusum","status":"publish","type":"page","link":"https:\/\/lazarus.se\/en\/nordic-brass-gusum\/","title":{"rendered":"Nordic Brass Gusum"},"content":{"rendered":"<p>[et_pb_section fb_built=&#8221;1&#8243; module_class=&#8221;header_image&#8221; _builder_version=&#8221;4.27.3&#8243; _module_preset=&#8221;default&#8221; use_background_color_gradient=&#8221;on&#8221; background_color_gradient_stops=&#8221;rgba(0,0,0,0.4) 0%|rgba(0,0,0,0.4) 100%&#8221; background_color_gradient_overlays_image=&#8221;on&#8221; background_image=&#8221;https:\/\/lazarus.se\/wp-content\/uploads\/2024\/11\/nordic-header.jpg&#8221; global_colors_info=&#8221;{}&#8221;][et_pb_row _builder_version=&#8221;4.27.2&#8243; _module_preset=&#8221;default&#8221; positioning=&#8221;absolute&#8221; position_origin_a=&#8221;bottom_center&#8221; vertical_offset=&#8221;100px&#8221; z_index=&#8221;72&#8243; global_colors_info=&#8221;{}&#8221;][et_pb_column type=&#8221;4_4&#8243; _builder_version=&#8221;4.27.0&#8243; _module_preset=&#8221;default&#8221; global_colors_info=&#8221;{}&#8221;][et_pb_text _builder_version=&#8221;4.27.3&#8243; _module_preset=&#8221;default&#8221; position_origin_a=&#8221;bottom_center&#8221; width=&#8221;100%&#8221; global_colors_info=&#8221;{}&#8221;]<\/p>\n<h1><span class=\"header_bold\">Case: Nordic Brass<\/span><\/h1>\n<p>[\/et_pb_text][\/et_pb_column][\/et_pb_row][et_pb_row _builder_version=&#8221;4.27.0&#8243; _module_preset=&#8221;default&#8221; use_background_color_gradient=&#8221;on&#8221; background_color_gradient_direction=&#8221;360deg&#8221; background_color_gradient_stops=&#8221;#005675 0%|rgba(0,86,117,0) 100%&#8221; positioning=&#8221;absolute&#8221; position_origin_a=&#8221;bottom_center&#8221; width=&#8221;100%&#8221; max_width=&#8221;100%&#8221; min_height=&#8221;30%&#8221; custom_margin=&#8221;0px||-2px||false|false&#8221; custom_padding=&#8221;0px||0px||true|false&#8221; border_color_bottom=&#8221;#005675&#8243; global_colors_info=&#8221;{}&#8221;][et_pb_column type=&#8221;4_4&#8243; _builder_version=&#8221;4.27.0&#8243; _module_preset=&#8221;default&#8221; global_colors_info=&#8221;{}&#8221;][\/et_pb_column][\/et_pb_row][\/et_pb_section][et_pb_section fb_built=&#8221;1&#8243; _builder_version=&#8221;4.27.2&#8243; _module_preset=&#8221;default&#8221; custom_margin=&#8221;25px||25px||false|false&#8221; custom_padding=&#8221;0px||0px||true|false&#8221; global_colors_info=&#8221;{}&#8221;][et_pb_row _builder_version=&#8221;4.27.0&#8243; _module_preset=&#8221;default&#8221; global_colors_info=&#8221;{}&#8221;][et_pb_column type=&#8221;4_4&#8243; _builder_version=&#8221;4.27.0&#8243; _module_preset=&#8221;default&#8221; global_colors_info=&#8221;{}&#8221;][et_pb_text module_class=&#8221;light_blue_banner&#8221; _builder_version=&#8221;4.27.3&#8243; _module_preset=&#8221;default&#8221; header_2_font_size=&#8221;48px&#8221; global_colors_info=&#8221;{}&#8221;]<\/p>\n<h2>On the Path to the Elite League <\/h2>\n<p>[\/et_pb_text][\/et_pb_column][\/et_pb_row][\/et_pb_section][et_pb_section fb_built=&#8221;1&#8243; module_class=&#8221;light_blue_bg&#8221; _builder_version=&#8221;4.27.0&#8243; _module_preset=&#8221;default&#8221; custom_padding=&#8221;0px||0px||true|false&#8221; global_colors_info=&#8221;{}&#8221;][et_pb_row _builder_version=&#8221;4.27.0&#8243; _module_preset=&#8221;default&#8221; global_colors_info=&#8221;{}&#8221;][et_pb_column type=&#8221;4_4&#8243; _builder_version=&#8221;4.27.0&#8243; _module_preset=&#8221;default&#8221; global_colors_info=&#8221;{}&#8221;][et_pb_text module_class=&#8221;light_blue_banner&#8221; _builder_version=&#8221;4.27.3&#8243; _module_preset=&#8221;default&#8221; hover_enabled=&#8221;0&#8243; global_colors_info=&#8221;{}&#8221; sticky_enabled=&#8221;0&#8243;]<\/p>\n<p><span>Since Lazarus became the owner<\/span>, Nordic Brass has reduced production from 25,000 tons to 18,000 tons of brass annually. At the same time, Nordic Brass are achieving their best results ever, despite a challenging economic climate.<\/p>\n<p>[\/et_pb_text][\/et_pb_column][\/et_pb_row][\/et_pb_section][et_pb_section fb_built=&#8221;1&#8243; admin_label=&#8221;Call to Action&#8221; _builder_version=&#8221;4.27.0&#8243; _module_preset=&#8221;default&#8221; custom_margin=&#8221;2em||2em||true|false&#8221; custom_padding=&#8221;0px||0px||true|false&#8221; collapsed=&#8221;off&#8221; global_colors_info=&#8221;{}&#8221;][et_pb_row column_structure=&#8221;2_3,1_3&#8243; _builder_version=&#8221;4.27.0&#8243; _module_preset=&#8221;default&#8221; global_colors_info=&#8221;{}&#8221;][et_pb_column type=&#8221;2_3&#8243; _builder_version=&#8221;4.27.0&#8243; _module_preset=&#8221;default&#8221; global_colors_info=&#8221;{}&#8221;][et_pb_text _builder_version=&#8221;4.27.3&#8243; _module_preset=&#8221;default&#8221; global_colors_info=&#8221;{}&#8221;]<\/p>\n<p>Nordic Brass in Gusum, \u00d6sterg\u00f6tland, is in many ways a unique company. It is not only the only brassworks in Sweden but also the only one in Europe north of Berlin. The dominant customers are in the HVAC industry, so the development of the construction market is crucial for Nordic Brass.<\/p>\n<p>Four years ago, the outlook for Nordic Brass and its 125 employees was grim. Losses on the bottom line, poor liquidity, large and costly inventory, and low delivery reliability.<\/p>\n<p>At that point, <span>Lazarus stepped in and acquired majority ownership<\/span>. A series of measures were quickly implemented. A new external board was recruited, with Per Lindberg as chairman, along with several leading executives. One of them was the new CEO, Bj\u00f6rn Wiborg, who brought extensive experience from various leadership roles in the metal industry.<\/p>\n<p>\u2013 Together, we focused intensely on quality, delivery reliability, and stability in production. We opted out of unprofitable products and significantly reduced the cost-driving inventory, says Bj\u00f6rn Wiborg, continuing:<\/p>\n<p>\u2013 The toughest part was implementing substantial general price increases. This led to many tough negotiations and also to losing some customers. But we raised the price level, thereby laying one of the cornerstones for better profitability.<\/p>\n<p>\u2013 The pressured situation meant we had to implement all measures simultaneously \u2013 raise the margin by 30 percent, shrink the inventory by 20 percent, and cut costs by 10 percent \u2013 so it was a hectic period.<\/p>\n<p>Bj\u00f6rn Wiborg does not deny that the turnaround took time. When they were at their busiest, a smelting furnace broke down. That breakdown was followed by significant electricity price increases, which hit an energy-intensive operation hard.<\/p>\n<p>Throughout this time, Bj\u00f6rn Wiborg felt massive support from the Lazarus team, with regular meetings to discuss the steps forward.<\/p>\n<p>\u2013 Lazarus has a methodology that is very appealing for a company in a turnaround situation. The team listens and considers what I and the rest of the management think, follows up, and sets clear requirements. It is freedom under responsibility, with concrete discussions.<\/p>\n<p>\u2013 It is also important that Lazarus is genuinely long-term. They have patience and are not focused on a quick fix, says Bj\u00f6rn Wiborg.<\/p>\n<p>Today, Nordic Brass has a clear focus on the profitable core business. Production has decreased from 25,000 tons to 18,000 tons of brass annually. At the same time, they expect to achieve their best-ever results in 2024, despite the weak construction market.<\/p>\n<p>\u2013 Now we have a five-year plan \u2013 which segments to target, potential additional acquisitions, and increased refinement. I usually put it this way, says Bj\u00f6rn Wiborg:<\/p>\n<p>\u2013 We have gone from Division 4 to Division 2. Now we are aiming for play in Division 1!<\/p>\n<p>[\/et_pb_text][\/et_pb_column][et_pb_column type=&#8221;1_3&#8243; _builder_version=&#8221;4.27.0&#8243; _module_preset=&#8221;default&#8221; global_colors_info=&#8221;{}&#8221;][et_pb_image src=&#8221;https:\/\/lazarus.se\/wp-content\/uploads\/2024\/11\/Bjorn-Wiborg.jpg&#8221; _builder_version=&#8221;4.27.2&#8243; _module_preset=&#8221;default&#8221; custom_margin=&#8221;||14px|||&#8221; global_colors_info=&#8221;{}&#8221;][\/et_pb_image][et_pb_text _builder_version=&#8221;4.27.2&#8243; _module_preset=&#8221;default&#8221; global_colors_info=&#8221;{}&#8221;]<\/p>\n<p>Bj\u00f6rn Wiborg<\/p>\n<p>[\/et_pb_text][\/et_pb_column][\/et_pb_row][et_pb_row column_structure=&#8221;2_3,1_3&#8243; _builder_version=&#8221;4.27.0&#8243; _module_preset=&#8221;default&#8221; global_colors_info=&#8221;{}&#8221;][et_pb_column type=&#8221;2_3&#8243; _builder_version=&#8221;4.27.0&#8243; _module_preset=&#8221;default&#8221; global_colors_info=&#8221;{}&#8221;][et_pb_image src=&#8221;https:\/\/lazarus.se\/wp-content\/uploads\/2024\/10\/nordic-01.jpg&#8221; title_text=&#8221;nordic-01&#8243; _builder_version=&#8221;4.27.2&#8243; _module_preset=&#8221;default&#8221; global_colors_info=&#8221;{}&#8221;][\/et_pb_image][\/et_pb_column][et_pb_column type=&#8221;1_3&#8243; _builder_version=&#8221;4.27.0&#8243; _module_preset=&#8221;default&#8221; global_colors_info=&#8221;{}&#8221;][et_pb_image src=&#8221;https:\/\/lazarus.se\/wp-content\/uploads\/2024\/10\/nordic-02.jpg&#8221; title_text=&#8221;nordic-02&#8243; _builder_version=&#8221;4.27.2&#8243; _module_preset=&#8221;default&#8221; global_colors_info=&#8221;{}&#8221;][\/et_pb_image][\/et_pb_column][\/et_pb_row][\/et_pb_section]<\/p>\n","protected":false},"excerpt":{"rendered":"<p>Case: Nordic BrassOn the Path to the Elite League Since Lazarus became the owner, Nordic Brass has reduced production from 25,000 tons to 18,000 tons of brass annually. At the same time, Nordic Brass are achieving their best results ever, despite a challenging economic climate.Nordic Brass in Gusum, \u00d6sterg\u00f6tland, is in many ways a unique [&hellip;]<\/p>\n","protected":false},"author":4,"featured_media":0,"parent":0,"menu_order":0,"comment_status":"closed","ping_status":"closed","template":"","meta":{"_et_pb_use_builder":"on","_et_pb_old_content":"[et_pb_section fb_built=\"1\" module_class=\"header_image\" _builder_version=\"4.27.3\" _module_preset=\"default\" use_background_color_gradient=\"on\" background_color_gradient_stops=\"rgba(0,0,0,0.4) 0%|rgba(0,0,0,0.4) 100%\" background_color_gradient_overlays_image=\"on\" background_image=\"https:\/\/lazarus.se\/wp-content\/uploads\/2024\/11\/nordic-header.jpg\" hover_enabled=\"0\" global_colors_info=\"{}\" title_text=\"nordic-header\" sticky_enabled=\"0\"][et_pb_row _builder_version=\"4.27.2\" _module_preset=\"default\" positioning=\"absolute\" position_origin_a=\"bottom_center\" vertical_offset=\"100px\" z_index=\"72\" global_colors_info=\"{}\"][et_pb_column type=\"4_4\" _builder_version=\"4.27.0\" _module_preset=\"default\" global_colors_info=\"{}\"][et_pb_text _builder_version=\"4.27.2\" _module_preset=\"default\" position_origin_a=\"bottom_center\" width=\"100%\" global_colors_info=\"{}\"]<h1><span class=\"header_bold\">Case: Nordic Brass<\/span><\/h1>[\/et_pb_text][\/et_pb_column][\/et_pb_row][et_pb_row _builder_version=\"4.27.0\" _module_preset=\"default\" use_background_color_gradient=\"on\" background_color_gradient_direction=\"360deg\" background_color_gradient_stops=\"#005675 0%|rgba(0,86,117,0) 100%\" positioning=\"absolute\" position_origin_a=\"bottom_center\" width=\"100%\" max_width=\"100%\" min_height=\"30%\" custom_margin=\"0px||-2px||false|false\" custom_padding=\"0px||0px||true|false\" border_color_bottom=\"#005675\" global_colors_info=\"{}\"][et_pb_column type=\"4_4\" _builder_version=\"4.27.0\" _module_preset=\"default\" global_colors_info=\"{}\"][\/et_pb_column][\/et_pb_row][\/et_pb_section][et_pb_section fb_built=\"1\" _builder_version=\"4.27.2\" _module_preset=\"default\" custom_margin=\"25px||25px||false|false\" custom_padding=\"0px||0px||true|false\" global_colors_info=\"{}\"][et_pb_row _builder_version=\"4.27.0\" _module_preset=\"default\" global_colors_info=\"{}\"][et_pb_column type=\"4_4\" _builder_version=\"4.27.0\" _module_preset=\"default\" global_colors_info=\"{}\"][et_pb_text module_class=\"light_blue_banner\" _builder_version=\"4.27.2\" _module_preset=\"default\" header_2_font_size=\"48px\" global_colors_info=\"{}\"]<h2>P\u00e5 god v\u00e4g mot elitserien<\/h2>[\/et_pb_text][\/et_pb_column][\/et_pb_row][\/et_pb_section][et_pb_section fb_built=\"1\" module_class=\"light_blue_bg\" _builder_version=\"4.27.0\" _module_preset=\"default\" custom_padding=\"0px||0px||true|false\" global_colors_info=\"{}\"][et_pb_row _builder_version=\"4.27.0\" _module_preset=\"default\" global_colors_info=\"{}\"][et_pb_column type=\"4_4\" _builder_version=\"4.27.0\" _module_preset=\"default\" global_colors_info=\"{}\"][et_pb_text module_class=\"light_blue_banner\" _builder_version=\"4.27.2\" _module_preset=\"default\" global_colors_info=\"{}\"]<p>Sedan Lazarus tog \u00f6ver som \u00e4gare har Nordic Brass minskat produktionen fr\u00e5n 25 000 ton till 18 000 ton m\u00e4ssing. Samtidigt g\u00f6r man det b\u00e4sta resultatet n\u00e5gonsin, trots ett utmanande konjunkturl\u00e4ge.<\/p>[\/et_pb_text][\/et_pb_column][\/et_pb_row][\/et_pb_section][et_pb_section fb_built=\"1\" admin_label=\"Call to Action\" _builder_version=\"4.27.0\" _module_preset=\"default\" custom_margin=\"2em||2em||true|false\" custom_padding=\"0px||0px||true|false\" collapsed=\"off\" global_colors_info=\"{}\"][et_pb_row column_structure=\"2_3,1_3\" _builder_version=\"4.27.0\" _module_preset=\"default\" global_colors_info=\"{}\"][et_pb_column type=\"2_3\" _builder_version=\"4.27.0\" _module_preset=\"default\" global_colors_info=\"{}\"][et_pb_text _builder_version=\"4.27.2\" _module_preset=\"default\" global_colors_info=\"{}\"]<p>Nordic Brass i \u00f6stg\u00f6tska Gusum \u00e4r p\u00e5 m\u00e5nga s\u00e4tt ett unikt f\u00f6retag. Det \u00e4r inte bara det enda m\u00e4ssingsbruket i Sverige, utan det enda i Europa norr om Berlin. De dominerande kunderna finns inom VVS-industrin, s\u00e5 utvecklingen av byggmarknaden \u00e4r central f\u00f6r Nordic Brass.<\/p>\r\n<p>F\u00f6r fyra \u00e5r sedan s\u00e5g det riktigt m\u00f6rkt ut f\u00f6r Nordic Brass och dess 125 medarbetare. F\u00f6rlust p\u00e5 sista raden, d\u00e5lig likviditet, stort och kostnadskr\u00e4vande lager och l\u00e5g leveranss\u00e4kerhet.<\/p>\r\n<p>I det l\u00e4get klev Lazarus in och tog \u00f6ver majoritets\u00e4gandet. Snabbt vidtog man en rad \u00e5tg\u00e4rder. En ny extern styrelse rekryterades, med erfarna Industriv\u00e4rden-veteranen Per Lindberg som ordf\u00f6rande, liksom flera ledande befattningshavare. En av dem var nya vd:n Bj\u00f6rn Wiborg, med l\u00e5ng erfarenhet fr\u00e5n en rad chefsjobb inom metallbranschen.<\/p>\r\n<p>\u2013 Tillsammans fokuserade vi stenh\u00e5rt p\u00e5 kvalitet, leveranss\u00e4kerhet och stabilitet i produktionen. Vi valde bort produkter som inte var l\u00f6nsamma och krympte det kostnadsdrivande lagret kraftigt, s\u00e4ger Bj\u00f6rn Wiborg, och forts\u00e4tter:<\/p>\r\n<p>\u2013 Tuffast var att vi genomf\u00f6rde kraftiga generella pris\u00f6kningar. Det ledde till m\u00e5nga h\u00e5rda f\u00f6rhandlingar och ocks\u00e5 till att vi f\u00f6rlorade en del kunder. Men vi fick upp prisniv\u00e5n och la d\u00e4rmed en av grundstenarna f\u00f6r en b\u00e4ttre l\u00f6nsamhet.<\/p>\r\n<p>\u2013 Det pressade l\u00e4get gjorde att vi var tvungna att genomf\u00f6ra alla \u00e5tg\u00e4rder p\u00e5 en och samma g\u00e5ng \u2013 h\u00f6ja marginalen med 30 procent, krympa lagret med 20 procent och minska kostnaderna med 10 procent \u2013 s\u00e5 det var en hektisk period.<\/p>\r\n<p>Bj\u00f6rn Wiborg sticker inte under stol med att v\u00e4ndningen tog tid. N\u00e4r de hade som mest att g\u00f6ra havererade en sm\u00e4ltugn. Det haveriet f\u00f6ljdes av kraftiga elprish\u00f6jningar, n\u00e5got som sl\u00e5r h\u00e5rt mot en energiintensiv verksamhet som ett sm\u00e4lteri.<\/p>\r\n<p>Under hela den h\u00e4r tiden har Bj\u00f6rn Wiborg k\u00e4nt ett massivt st\u00f6d fr\u00e5n Lazarus team, med regelbundna tr\u00e4ffar f\u00f6r att diskutera stegen fram\u00e5t.<\/p>\r\n<p>\u2013 Lazarus har en metodik som \u00e4r v\u00e4ldigt tilltalande f\u00f6r ett f\u00f6retag i en turnaround-situation. Teamet lyssnar och k\u00e4nner in vad jag och \u00f6vriga ledningen anser, f\u00f6ljer upp och st\u00e4ller tydliga krav. Det \u00e4r en frihet under ansvar, med konkreta diskussioner.<\/p>\r\n<p>\u2013 Viktigt \u00e4r ocks\u00e5 att Lazarus \u00e4r l\u00e5ngsiktigt p\u00e5 riktigt. De har t\u00e5lamod och \u00e4r inte inriktade p\u00e5 n\u00e5gon quick fix, s\u00e4ger Bj\u00f6rn Wiborg.<\/p>\r\n<p>I dag har Nordic Brass ett tydligt fokus p\u00e5 den l\u00f6nsamma k\u00e4rnverksamheten. Produktionen har minskat fr\u00e5n 25\u00a0000 ton till 18\u00a0000 ton m\u00e4ssing \u00e5rligen. Samtidigt r\u00e4knar man med att g\u00f6ra det b\u00e4sta resultatet n\u00e5gonsin under 2024, trots den svaga byggkonjunkturen.<\/p>\r\n<p>\u2013 Nu har vi en fem\u00e5rsplan \u2013 vilka segment vi ska sikta in oss p\u00e5, eventuella till\u00e4ggsf\u00f6rv\u00e4rv och \u00f6kad f\u00f6r\u00e4dling. Jag brukar uttrycka det s\u00e5 h\u00e4r, s\u00e4ger Bj\u00f6rn Wiborg:<\/p>\r\n<p>\u2013 Vi har g\u00e5tt fr\u00e5n division 4 till division 2. Nu siktar vi p\u00e5 spel i division 1!<\/p>[\/et_pb_text][\/et_pb_column][et_pb_column type=\"1_3\" _builder_version=\"4.27.0\" _module_preset=\"default\" global_colors_info=\"{}\"][et_pb_image src=\"https:\/\/lazarus.se\/wp-content\/uploads\/2024\/11\/Bjorn-Wiborg.jpg\" _builder_version=\"4.27.2\" _module_preset=\"default\" custom_margin=\"||14px|||\" global_colors_info=\"{}\"][\/et_pb_image][et_pb_text _builder_version=\"4.27.2\" _module_preset=\"default\" global_colors_info=\"{}\"]<p>Bj\u00f6rn Wiborg<\/p>[\/et_pb_text][\/et_pb_column][\/et_pb_row][et_pb_row column_structure=\"2_3,1_3\" _builder_version=\"4.27.0\" _module_preset=\"default\" global_colors_info=\"{}\"][et_pb_column type=\"2_3\" _builder_version=\"4.27.0\" _module_preset=\"default\" global_colors_info=\"{}\"][et_pb_image src=\"https:\/\/lazarus.se\/wp-content\/uploads\/2024\/10\/nordic-01.jpg\" title_text=\"nordic-01\" _builder_version=\"4.27.2\" _module_preset=\"default\" global_colors_info=\"{}\"][\/et_pb_image][\/et_pb_column][et_pb_column type=\"1_3\" _builder_version=\"4.27.0\" _module_preset=\"default\" global_colors_info=\"{}\"][et_pb_image src=\"https:\/\/lazarus.se\/wp-content\/uploads\/2024\/10\/nordic-02.jpg\" title_text=\"nordic-02\" _builder_version=\"4.27.2\" _module_preset=\"default\" global_colors_info=\"{}\"][\/et_pb_image][\/et_pb_column][\/et_pb_row][\/et_pb_section]","_et_gb_content_width":"","inline_featured_image":false,"footnotes":""},"class_list":["post-245949","page","type-page","status-publish","hentry"],"yoast_head":"<!-- This site is optimized with the Yoast SEO plugin v27.4 - https:\/\/yoast.com\/product\/yoast-seo-wordpress\/ -->\n<title>Nordic Brass Gusum - Lazarus<\/title>\n<meta name=\"robots\" content=\"index, follow, max-snippet:-1, max-image-preview:large, max-video-preview:-1\" \/>\n<link rel=\"canonical\" href=\"https:\/\/lazarus.se\/en\/nordic-brass-gusum\/\" \/>\n<meta property=\"og:locale\" content=\"en_US\" \/>\n<meta property=\"og:type\" content=\"article\" \/>\n<meta property=\"og:title\" content=\"Nordic Brass Gusum - Lazarus\" \/>\n<meta property=\"og:description\" content=\"Case: Nordic BrassOn the Path to the Elite League Since Lazarus became the owner, Nordic Brass has reduced production from 25,000 tons to 18,000 tons of brass annually. At the same time, Nordic Brass are achieving their best results ever, despite a challenging economic climate.Nordic Brass in Gusum, \u00d6sterg\u00f6tland, is in many ways a unique [&hellip;]\" \/>\n<meta property=\"og:url\" content=\"https:\/\/lazarus.se\/en\/nordic-brass-gusum\/\" \/>\n<meta property=\"og:site_name\" content=\"Lazarus\" \/>\n<meta property=\"article:modified_time\" content=\"2024-12-09T09:59:06+00:00\" \/>\n<meta name=\"twitter:card\" content=\"summary_large_image\" \/>\n<meta name=\"twitter:label1\" content=\"Est. reading time\" \/>\n\t<meta name=\"twitter:data1\" content=\"4 minutes\" \/>\n<script type=\"application\/ld+json\" class=\"yoast-schema-graph\">{\"@context\":\"https:\\\/\\\/schema.org\",\"@graph\":[{\"@type\":\"WebPage\",\"@id\":\"https:\\\/\\\/lazarus.se\\\/en\\\/nordic-brass-gusum\\\/\",\"url\":\"https:\\\/\\\/lazarus.se\\\/en\\\/nordic-brass-gusum\\\/\",\"name\":\"Nordic Brass Gusum - Lazarus\",\"isPartOf\":{\"@id\":\"https:\\\/\\\/lazarus.se\\\/en\\\/#website\"},\"datePublished\":\"2024-11-13T15:33:32+00:00\",\"dateModified\":\"2024-12-09T09:59:06+00:00\",\"breadcrumb\":{\"@id\":\"https:\\\/\\\/lazarus.se\\\/en\\\/nordic-brass-gusum\\\/#breadcrumb\"},\"inLanguage\":\"en-US\",\"potentialAction\":[{\"@type\":\"ReadAction\",\"target\":[\"https:\\\/\\\/lazarus.se\\\/en\\\/nordic-brass-gusum\\\/\"]}]},{\"@type\":\"BreadcrumbList\",\"@id\":\"https:\\\/\\\/lazarus.se\\\/en\\\/nordic-brass-gusum\\\/#breadcrumb\",\"itemListElement\":[{\"@type\":\"ListItem\",\"position\":1,\"name\":\"Hem\",\"item\":\"https:\\\/\\\/lazarus.se\\\/en\\\/\"},{\"@type\":\"ListItem\",\"position\":2,\"name\":\"Nordic Brass Gusum\"}]},{\"@type\":\"WebSite\",\"@id\":\"https:\\\/\\\/lazarus.se\\\/en\\\/#website\",\"url\":\"https:\\\/\\\/lazarus.se\\\/en\\\/\",\"name\":\"Lazarus\",\"description\":\"\",\"potentialAction\":[{\"@type\":\"SearchAction\",\"target\":{\"@type\":\"EntryPoint\",\"urlTemplate\":\"https:\\\/\\\/lazarus.se\\\/en\\\/?s={search_term_string}\"},\"query-input\":{\"@type\":\"PropertyValueSpecification\",\"valueRequired\":true,\"valueName\":\"search_term_string\"}}],\"inLanguage\":\"en-US\"}]}<\/script>\n<!-- \/ Yoast SEO plugin. -->","yoast_head_json":{"title":"Nordic Brass Gusum - Lazarus","robots":{"index":"index","follow":"follow","max-snippet":"max-snippet:-1","max-image-preview":"max-image-preview:large","max-video-preview":"max-video-preview:-1"},"canonical":"https:\/\/lazarus.se\/en\/nordic-brass-gusum\/","og_locale":"en_US","og_type":"article","og_title":"Nordic Brass Gusum - Lazarus","og_description":"Case: Nordic BrassOn the Path to the Elite League Since Lazarus became the owner, Nordic Brass has reduced production from 25,000 tons to 18,000 tons of brass annually. At the same time, Nordic Brass are achieving their best results ever, despite a challenging economic climate.Nordic Brass in Gusum, \u00d6sterg\u00f6tland, is in many ways a unique [&hellip;]","og_url":"https:\/\/lazarus.se\/en\/nordic-brass-gusum\/","og_site_name":"Lazarus","article_modified_time":"2024-12-09T09:59:06+00:00","twitter_card":"summary_large_image","twitter_misc":{"Est. reading time":"4 minutes"},"schema":{"@context":"https:\/\/schema.org","@graph":[{"@type":"WebPage","@id":"https:\/\/lazarus.se\/en\/nordic-brass-gusum\/","url":"https:\/\/lazarus.se\/en\/nordic-brass-gusum\/","name":"Nordic Brass Gusum - Lazarus","isPartOf":{"@id":"https:\/\/lazarus.se\/en\/#website"},"datePublished":"2024-11-13T15:33:32+00:00","dateModified":"2024-12-09T09:59:06+00:00","breadcrumb":{"@id":"https:\/\/lazarus.se\/en\/nordic-brass-gusum\/#breadcrumb"},"inLanguage":"en-US","potentialAction":[{"@type":"ReadAction","target":["https:\/\/lazarus.se\/en\/nordic-brass-gusum\/"]}]},{"@type":"BreadcrumbList","@id":"https:\/\/lazarus.se\/en\/nordic-brass-gusum\/#breadcrumb","itemListElement":[{"@type":"ListItem","position":1,"name":"Hem","item":"https:\/\/lazarus.se\/en\/"},{"@type":"ListItem","position":2,"name":"Nordic Brass Gusum"}]},{"@type":"WebSite","@id":"https:\/\/lazarus.se\/en\/#website","url":"https:\/\/lazarus.se\/en\/","name":"Lazarus","description":"","potentialAction":[{"@type":"SearchAction","target":{"@type":"EntryPoint","urlTemplate":"https:\/\/lazarus.se\/en\/?s={search_term_string}"},"query-input":{"@type":"PropertyValueSpecification","valueRequired":true,"valueName":"search_term_string"}}],"inLanguage":"en-US"}]}},"_links":{"self":[{"href":"https:\/\/lazarus.se\/en\/wp-json\/wp\/v2\/pages\/245949","targetHints":{"allow":["GET"]}}],"collection":[{"href":"https:\/\/lazarus.se\/en\/wp-json\/wp\/v2\/pages"}],"about":[{"href":"https:\/\/lazarus.se\/en\/wp-json\/wp\/v2\/types\/page"}],"author":[{"embeddable":true,"href":"https:\/\/lazarus.se\/en\/wp-json\/wp\/v2\/users\/4"}],"replies":[{"embeddable":true,"href":"https:\/\/lazarus.se\/en\/wp-json\/wp\/v2\/comments?post=245949"}],"version-history":[{"count":4,"href":"https:\/\/lazarus.se\/en\/wp-json\/wp\/v2\/pages\/245949\/revisions"}],"predecessor-version":[{"id":246236,"href":"https:\/\/lazarus.se\/en\/wp-json\/wp\/v2\/pages\/245949\/revisions\/246236"}],"wp:attachment":[{"href":"https:\/\/lazarus.se\/en\/wp-json\/wp\/v2\/media?parent=245949"}],"curies":[{"name":"wp","href":"https:\/\/api.w.org\/{rel}","templated":true}]}}